{"id":13,"date":"2024-10-09T16:39:54","date_gmt":"2024-10-09T16:39:54","guid":{"rendered":"https:\/\/desarrollo11.alumnoposicionamiento.dev\/?page_id=13"},"modified":"2025-01-09T11:12:24","modified_gmt":"2025-01-09T11:12:24","slug":"sobre-mi","status":"publish","type":"page","link":"https:\/\/desarrollo11.alumnoposicionamiento.dev\/index.php\/sobre-mi\/","title":{"rendered":"Sobre m\u00ed"},"content":{"rendered":"\t\t<div data-elementor-type=\"wp-page\" data-elementor-id=\"13\" class=\"elementor elementor-13\" data-elementor-post-type=\"page\">\n\t\t\t\t\t\t<section class=\"elementor-section elementor-top-section elementor-element elementor-element-7facc47d elementor-section-height-min-height elementor-section-full_width elementor-section-items-stretch elementor-section-height-default\" data-id=\"7facc47d\" data-element_type=\"section\" data-settings=\"{&quot;background_background&quot;:&quot;classic&quot;}\">\n\t\t\t\t\t\t\t<div class=\"elementor-background-overlay\"><\/div>\n\t\t\t\t\t\t\t<div class=\"elementor-container elementor-column-gap-no\">\n\t\t\t\t\t<div class=\"elementor-column elementor-col-100 elementor-top-column elementor-element elementor-element-1174ab54\" data-id=\"1174ab54\" data-element_type=\"column\" data-settings=\"{&quot;background_background&quot;:&quot;slideshow&quot;,&quot;background_slideshow_gallery&quot;:[{&quot;id&quot;:221,&quot;url&quot;:&quot;https:\\\/\\\/desarrollo11.alumnoposicionamiento.dev\\\/wp-content\\\/uploads\\\/2024\\\/10\\\/5-scaled.jpg&quot;},{&quot;id&quot;:409,&quot;url&quot;:&quot;https:\\\/\\\/desarrollo11.alumnoposicionamiento.dev\\\/wp-content\\\/uploads\\\/2024\\\/11\\\/S8-scaled.jpg&quot;},{&quot;id&quot;:407,&quot;url&quot;:&quot;https:\\\/\\\/desarrollo11.alumnoposicionamiento.dev\\\/wp-content\\\/uploads\\\/2024\\\/11\\\/S-scaled.jpg&quot;},{&quot;id&quot;:408,&quot;url&quot;:&quot;https:\\\/\\\/desarrollo11.alumnoposicionamiento.dev\\\/wp-content\\\/uploads\\\/2024\\\/11\\\/IMG_7648-scaled.jpg&quot;},{&quot;id&quot;:414,&quot;url&quot;:&quot;https:\\\/\\\/desarrollo11.alumnoposicionamiento.dev\\\/wp-content\\\/uploads\\\/2024\\\/11\\\/S2-scaled.jpg&quot;}],&quot;background_slideshow_slide_duration&quot;:7000,&quot;background_slideshow_loop&quot;:&quot;yes&quot;,&quot;background_slideshow_slide_transition&quot;:&quot;fade&quot;,&quot;background_slideshow_transition_duration&quot;:500}\">\n\t\t\t<div class=\"elementor-widget-wrap elementor-element-populated\">\n\t\t\t\t\t\t<div class=\"elementor-element elementor-element-31819c92 elementor-widget__width-inherit elementor-invisible elementor-widget elementor-widget-heading\" data-id=\"31819c92\" data-element_type=\"widget\" data-settings=\"{&quot;_animation&quot;:&quot;pulse&quot;}\" data-widget_type=\"heading.default\">\n\t\t\t\t<div class=\"elementor-widget-container\">\n\t\t\t<h1 class=\"elementor-heading-title elementor-size-default\">Sobre<\/h1>\t\t<\/div>\n\t\t\t\t<\/div>\n\t\t\t\t<div class=\"elementor-element elementor-element-751d1b02 elementor-widget__width-initial elementor-invisible elementor-widget elementor-widget-heading\" data-id=\"751d1b02\" data-element_type=\"widget\" data-settings=\"{&quot;_animation&quot;:&quot;pulse&quot;,&quot;_animation_delay&quot;:200}\" data-widget_type=\"heading.default\">\n\t\t\t\t<div class=\"elementor-widget-container\">\n\t\t\t<h1 class=\"elementor-heading-title elementor-size-default\">mi<\/h1>\t\t<\/div>\n\t\t\t\t<\/div>\n\t\t\t\t\t<\/div>\n\t\t<\/div>\n\t\t\t\t\t<\/div>\n\t\t<\/section>\n\t\t<div class=\"elementor-element elementor-element-923edaa e-flex e-con-boxed e-con e-parent\" data-id=\"923edaa\" data-element_type=\"container\">\n\t\t\t\t\t<div class=\"e-con-inner\">\n\t\t\t\t<div class=\"elementor-element elementor-element-3ef2a31 elementor-widget elementor-widget-spacer\" data-id=\"3ef2a31\" data-element_type=\"widget\" data-widget_type=\"spacer.default\">\n\t\t\t\t<div class=\"elementor-widget-container\">\n\t\t\t\t\t<div class=\"elementor-spacer\">\n\t\t\t<div class=\"elementor-spacer-inner\"><\/div>\n\t\t<\/div>\n\t\t\t\t<\/div>\n\t\t\t\t<\/div>\n\t\t\t\t<div class=\"elementor-element elementor-element-d3ce660 elementor-widget elementor-widget-text-editor\" data-id=\"d3ce660\" data-element_type=\"widget\" data-widget_type=\"text-editor.default\">\n\t\t\t\t<div class=\"elementor-widget-container\">\n\t\t\t\t\t\t\t<p>\u00a1Hola! Soy Laura, una apasionada del marketing y la publicidad digital. Desde el comienzo de mi carrera, me he enfocado en ayudar a las marcas a conectar con su audiencia de manera aut\u00e9ntica.<\/p>\t\t\t\t\t\t<\/div>\n\t\t\t\t<\/div>\n\t\t\t\t<div class=\"elementor-element elementor-element-551d413 elementor-widget elementor-widget-text-editor\" data-id=\"551d413\" data-element_type=\"widget\" data-widget_type=\"text-editor.default\">\n\t\t\t\t<div class=\"elementor-widget-container\">\n\t\t\t\t\t\t\t<p>Con una s\u00f3lida experiencia en la gesti\u00f3n de redes sociales, me especializo en crear contenido visual atractivo y desarrollar estrategias personalizadas que hacen destacar a cada marca. Mi proyecto Laura en Acci\u00f3n es el espacio donde aplico toda esta experiencia, ayudando a negocios y emprendedores a construir una presencia digital fuerte.<\/p>\t\t\t\t\t\t<\/div>\n\t\t\t\t<\/div>\n\t\t\t\t<div class=\"elementor-element elementor-element-4e16fb1 elementor-widget elementor-widget-text-editor\" data-id=\"4e16fb1\" data-element_type=\"widget\" data-widget_type=\"text-editor.default\">\n\t\t\t\t<div class=\"elementor-widget-container\">\n\t\t\t\t\t\t\t<p>Creo firmemente en el poder del contenido aut\u00e9ntico y cercano. Para m\u00ed, cada publicaci\u00f3n debe contar una historia y generar un impacto real en la audiencia. Mi enfoque es crear estrategias que no solo sean efectivas, sino que tambi\u00e9n reflejen la personalidad \u00fanica de cada marca.<\/p>\t\t\t\t\t\t<\/div>\n\t\t\t\t<\/div>\n\t\t\t\t<div class=\"elementor-element elementor-element-b35622b elementor-widget elementor-widget-text-editor\" data-id=\"b35622b\" data-element_type=\"widget\" data-widget_type=\"text-editor.default\">\n\t\t\t\t<div class=\"elementor-widget-container\">\n\t\t\t\t\t\t\t<p>Laura en Acci\u00f3n naci\u00f3 con el prop\u00f3sito de ofrecer algo m\u00e1s que una gesti\u00f3n de redes tradicional. Quiero que las marcas con las que trabajo no solo tengan presencia, sino que construyan una comunidad leal y conectada con sus valores.<\/p>\t\t\t\t\t\t<\/div>\n\t\t\t\t<\/div>\n\t\t\t\t<div class=\"elementor-element elementor-element-1e0f034 elementor-widget elementor-widget-text-editor\" data-id=\"1e0f034\" data-element_type=\"widget\" data-widget_type=\"text-editor.default\">\n\t\t\t\t<div class=\"elementor-widget-container\">\n\t\t\t\t\t\t\t<p>Si est\u00e1s listo para darle vida a tu marca en redes sociales, \u00a1estar\u00e9 encantada de ayudarte! Descubre m\u00e1s sobre mis servicios o cont\u00e1ctame para trabajar juntos en tu pr\u00f3ximo proyecto<\/p>\t\t\t\t\t\t<\/div>\n\t\t\t\t<\/div>\n\t\t\t\t<div class=\"elementor-element elementor-element-f0b7132 elementor-widget elementor-widget-spacer\" data-id=\"f0b7132\" data-element_type=\"widget\" data-widget_type=\"spacer.default\">\n\t\t\t\t<div class=\"elementor-widget-container\">\n\t\t\t\t\t<div class=\"elementor-spacer\">\n\t\t\t<div class=\"elementor-spacer-inner\"><\/div>\n\t\t<\/div>\n\t\t\t\t<\/div>\n\t\t\t\t<\/div>\n\t\t\t\t<div class=\"elementor-element elementor-element-5bb3ce6 elementor-widget elementor-widget-heading\" data-id=\"5bb3ce6\" data-element_type=\"widget\" data-widget_type=\"heading.default\">\n\t\t\t\t<div class=\"elementor-widget-container\">\n\t\t\t<h2 class=\"elementor-heading-title elementor-size-default\">\u00bfQu\u00e9 me inspira?\n<\/h2>\t\t<\/div>\n\t\t\t\t<\/div>\n\t\t\t\t<div class=\"elementor-element elementor-element-47c9dea elementor-widget elementor-widget-text-editor\" data-id=\"47c9dea\" data-element_type=\"widget\" data-widget_type=\"text-editor.default\">\n\t\t\t\t<div class=\"elementor-widget-container\">\n\t\t\t\t\t\t\t<p>Una de mis mayores fuentes de inspiraci\u00f3n es <strong>Lydia Garc\u00eda<\/strong>, experta en marketing y comunicaci\u00f3n. Su trabajo, enfoque y pasi\u00f3n me motivan a seguir creciendo en este campo y a buscar siempre la mejor versi\u00f3n de m\u00ed misma como profesional. Si no la conoces, te invito a visitar su <a href=\"https:\/\/www.instagram.com\/lydiagarcia_marketing\/\" target=\"_new\" rel=\"noopener\">perfil de Instagram<\/a> o su <a href=\"https:\/\/lydiagarciaescribano.es\/\" target=\"_new\" rel=\"noopener\">p\u00e1gina web<\/a> para descubrir todo lo que tiene que ofrecer.<\/p>\t\t\t\t\t\t<\/div>\n\t\t\t\t<\/div>\n\t\t\t\t<div class=\"elementor-element elementor-element-27552bc elementor-widget elementor-widget-button\" data-id=\"27552bc\" data-element_type=\"widget\" data-widget_type=\"button.default\">\n\t\t\t\t<div class=\"elementor-widget-container\">\n\t\t\t\t\t\t\t<div class=\"elementor-button-wrapper\">\n\t\t\t\t\t<a class=\"elementor-button elementor-button-link elementor-size-sm\" href=\"https:\/\/www.instagram.com\/lydiagarcia_marketing\/\">\n\t\t\t\t\t\t<span class=\"elementor-button-content-wrapper\">\n\t\t\t\t\t\t\t\t\t<span class=\"elementor-button-text\">Lydia_Marketing<\/span>\n\t\t\t\t\t<\/span>\n\t\t\t\t\t<\/a>\n\t\t\t\t<\/div>\n\t\t\t\t\t\t<\/div>\n\t\t\t\t<\/div>\n\t\t\t\t<div class=\"elementor-element elementor-element-b2e8efe elementor-widget elementor-widget-heading\" data-id=\"b2e8efe\" data-element_type=\"widget\" data-widget_type=\"heading.default\">\n\t\t\t\t<div class=\"elementor-widget-container\">\n\t\t\t<h2 class=\"elementor-heading-title elementor-size-default\">Conecta conmigo<\/h2>\t\t<\/div>\n\t\t\t\t<\/div>\n\t\t\t\t<div class=\"elementor-element elementor-element-5c5ac4a elementor-widget elementor-widget-text-editor\" data-id=\"5c5ac4a\" data-element_type=\"widget\" data-widget_type=\"text-editor.default\">\n\t\t\t\t<div class=\"elementor-widget-container\">\n\t\t\t\t\t\t\t<p>En mi perfil de Instagram, <a href=\"https:\/\/www.instagram.com\/lauraenaccion\/\" target=\"_new\" rel=\"noopener\">@lauraenaccion<\/a>, comparto mi d\u00eda a d\u00eda como Community Manager, tips de marketing y algunos de los proyectos en los que trabajo. Es un espacio donde combino profesionalismo con un toque personal. \u00a1Te invito a seguirme y ser parte de mi comunidad!<\/p>\t\t\t\t\t\t<\/div>\n\t\t\t\t<\/div>\n\t\t\t\t<div class=\"elementor-element elementor-element-6a54ecc elementor-widget elementor-widget-heading\" data-id=\"6a54ecc\" data-element_type=\"widget\" data-widget_type=\"heading.default\">\n\t\t\t\t<div class=\"elementor-widget-container\">\n\t\t\t<h2 class=\"elementor-heading-title elementor-size-default\">Descubre m\u00e1s en mi portfolio<\/h2>\t\t<\/div>\n\t\t\t\t<\/div>\n\t\t\t\t<div class=\"elementor-element elementor-element-93924a2 elementor-widget elementor-widget-button\" data-id=\"93924a2\" data-element_type=\"widget\" data-widget_type=\"button.default\">\n\t\t\t\t<div class=\"elementor-widget-container\">\n\t\t\t\t\t\t\t<div class=\"elementor-button-wrapper\">\n\t\t\t\t\t<a class=\"elementor-button elementor-button-link elementor-size-sm\" href=\"https:\/\/desarrollo11.alumnoposicionamiento.dev\/index.php\/porfolio\/\">\n\t\t\t\t\t\t<span class=\"elementor-button-content-wrapper\">\n\t\t\t\t\t\t\t\t\t<span class=\"elementor-button-text\">Haz clic aqu\u00ed<\/span>\n\t\t\t\t\t<\/span>\n\t\t\t\t\t<\/a>\n\t\t\t\t<\/div>\n\t\t\t\t\t\t<\/div>\n\t\t\t\t<\/div>\n\t\t\t\t\t<\/div>\n\t\t\t\t<\/div>\n\t\t\t\t<section class=\"elementor-section elementor-top-section elementor-element elementor-element-3aedd17e elementor-section-height-min-height elementor-section-full_width elementor-section-items-stretch elementor-section-height-default\" data-id=\"3aedd17e\" data-element_type=\"section\" data-settings=\"{&quot;background_background&quot;:&quot;classic&quot;}\">\n\t\t\t\t\t\t\t<div class=\"elementor-background-overlay\"><\/div>\n\t\t\t\t\t\t\t<div class=\"elementor-container elementor-column-gap-no\">\n\t\t\t\t\t<div class=\"elementor-column elementor-col-100 elementor-top-column elementor-element elementor-element-6d0189e\" data-id=\"6d0189e\" data-element_type=\"column\" data-settings=\"{&quot;background_background&quot;:&quot;slideshow&quot;,&quot;background_slideshow_gallery&quot;:[{&quot;id&quot;:442,&quot;url&quot;:&quot;https:\\\/\\\/desarrollo11.alumnoposicionamiento.dev\\\/wp-content\\\/uploads\\\/2024\\\/11\\\/IMG_9923-1.jpg&quot;}],&quot;background_slideshow_loop&quot;:&quot;yes&quot;,&quot;background_slideshow_slide_duration&quot;:5000,&quot;background_slideshow_slide_transition&quot;:&quot;fade&quot;,&quot;background_slideshow_transition_duration&quot;:500}\">\n\t\t\t<div class=\"elementor-widget-wrap elementor-element-populated\">\n\t\t\t\t\t\t<div class=\"elementor-element elementor-element-72e16f94 elementor-widget elementor-widget-heading\" data-id=\"72e16f94\" data-element_type=\"widget\" data-widget_type=\"heading.default\">\n\t\t\t\t<div class=\"elementor-widget-container\">\n\t\t\t<h2 class=\"elementor-heading-title elementor-size-default\">\u00bfEst\u00e1s listo?<\/h2>\t\t<\/div>\n\t\t\t\t<\/div>\n\t\t\t\t<section class=\"elementor-section elementor-inner-section elementor-element elementor-element-6c4d3bd3 elementor-section-boxed elementor-section-height-default elementor-section-height-default\" data-id=\"6c4d3bd3\" data-element_type=\"section\">\n\t\t\t\t\t\t<div class=\"elementor-container elementor-column-gap-default\">\n\t\t\t\t\t<div class=\"elementor-column elementor-col-100 elementor-inner-column elementor-element elementor-element-77d4325b\" data-id=\"77d4325b\" data-element_type=\"column\">\n\t\t\t<div class=\"elementor-widget-wrap elementor-element-populated\">\n\t\t\t\t\t\t<div class=\"elementor-element elementor-element-3cff81c8 elementor-button-align-stretch elementor-widget elementor-widget-form\" data-id=\"3cff81c8\" data-element_type=\"widget\" data-settings=\"{&quot;button_width&quot;:&quot;40&quot;,&quot;step_next_label&quot;:&quot;Siguiente&quot;,&quot;step_previous_label&quot;:&quot;Anterior&quot;,&quot;step_type&quot;:&quot;number_text&quot;,&quot;step_icon_shape&quot;:&quot;circle&quot;}\" data-widget_type=\"form.default\">\n\t\t\t\t<div class=\"elementor-widget-container\">\n\t\t\t\t\t<form class=\"elementor-form\" method=\"post\" name=\"Newsletter\">\n\t\t\t<input type=\"hidden\" name=\"post_id\" value=\"13\"\/>\n\t\t\t<input type=\"hidden\" name=\"form_id\" value=\"3cff81c8\"\/>\n\t\t\t<input type=\"hidden\" name=\"referer_title\" value=\"Sobre m\u00ed - Lauraenaccion\" \/>\n\n\t\t\t\t\t\t\t<input type=\"hidden\" name=\"queried_id\" value=\"13\"\/>\n\t\t\t\n\t\t\t<div class=\"elementor-form-fields-wrapper elementor-labels-\">\n\t\t\t\t\t\t\t\t<div class=\"elementor-field-type-email elementor-field-group elementor-column elementor-field-group-email elementor-col-60 elementor-field-required\">\n\t\t\t\t\t\t\t\t\t\t\t\t<label for=\"form-field-email\" class=\"elementor-field-label elementor-screen-only\">\n\t\t\t\t\t\t\t\tEmail\t\t\t\t\t\t\t<\/label>\n\t\t\t\t\t\t\t\t\t\t\t\t\t\t<input size=\"1\" type=\"email\" name=\"form_fields[email]\" id=\"form-field-email\" class=\"elementor-field elementor-size-sm  elementor-field-textual\" placeholder=\"Email\" required=\"required\" aria-required=\"true\">\n\t\t\t\t\t\t\t\t\t\t\t<\/div>\n\t\t\t\t\t\t\t\t<div class=\"elementor-field-group elementor-column elementor-field-type-submit elementor-col-40 e-form__buttons\">\n\t\t\t\t\t<button class=\"elementor-button elementor-size-sm\" type=\"submit\">\n\t\t\t\t\t\t<span class=\"elementor-button-content-wrapper\">\n\t\t\t\t\t\t\t\t\t\t\t\t\t\t\t\t\t\t\t\t\t\t<span class=\"elementor-button-text\">Enviar<\/span>\n\t\t\t\t\t\t\t\t\t\t\t\t\t<\/span>\n\t\t\t\t\t<\/button>\n\t\t\t\t<\/div>\n\t\t\t<\/div>\n\t\t<\/form>\n\t\t\t\t<\/div>\n\t\t\t\t<\/div>\n\t\t\t\t\t<\/div>\n\t\t<\/div>\n\t\t\t\t\t<\/div>\n\t\t<\/section>\n\t\t\t\t\t<\/div>\n\t\t<\/div>\n\t\t\t\t\t<\/div>\n\t\t<\/section>\n\t\t<div class=\"elementor-element elementor-element-b2a4dbe e-flex e-con-boxed e-con e-parent\" data-id=\"b2a4dbe\" data-element_type=\"container\">\n\t\t\t\t\t<div class=\"e-con-inner\">\n\t\t\t\t\t<\/div>\n\t\t\t\t<\/div>\n\t\t\t\t<\/div>\n\t\t","protected":false},"excerpt":{"rendered":"<p>Sobre mi \u00a1Hola! Soy Laura, una apasionada del marketing y la publicidad digital. Desde el comienzo de mi carrera, me he enfocado en ayudar a las marcas a conectar con su audiencia de manera aut\u00e9ntica. Con una s\u00f3lida experiencia en la gesti\u00f3n de redes sociales, me especializo en crear contenido visual atractivo y desarrollar estrategias [&hellip;]<\/p>\n","protected":false},"author":1,"featured_media":884,"parent":0,"menu_order":0,"comment_status":"closed","ping_status":"closed","template":"","meta":{"footnotes":""},"class_list":["post-13","page","type-page","status-publish","has-post-thumbnail","hentry"],"yoast_head":"<!-- This site is optimized with the Yoast SEO plugin v23.4 - https:\/\/yoast.com\/wordpress\/plugins\/seo\/ -->\n<title>Sobre m\u00ed - Lauraenaccion<\/title>\n<meta name=\"description\" content=\"Conoce mas sobre m\u00ed, Community Manager en Ja\u00e9n. Descubre mi trayectoria y c\u00f3mo puedo ayudarte a conectar con tu audiencia.\" \/>\n<meta name=\"robots\" content=\"index, follow, max-snippet:-1, max-image-preview:large, max-video-preview:-1\" \/>\n<link rel=\"canonical\" href=\"https:\/\/desarrollo11.alumnoposicionamiento.dev\/index.php\/sobre-mi\/\" \/>\n<meta property=\"og:locale\" content=\"es_ES\" \/>\n<meta property=\"og:type\" content=\"article\" \/>\n<meta property=\"og:title\" content=\"Sobre m\u00ed - Lauraenaccion\" \/>\n<meta property=\"og:description\" content=\"Conoce mas sobre m\u00ed, Community Manager en Ja\u00e9n. Descubre mi trayectoria y c\u00f3mo puedo ayudarte a conectar con tu audiencia.\" \/>\n<meta property=\"og:url\" content=\"https:\/\/desarrollo11.alumnoposicionamiento.dev\/index.php\/sobre-mi\/\" \/>\n<meta property=\"og:site_name\" content=\"Lauraenaccion\" \/>\n<meta property=\"article:modified_time\" content=\"2025-01-09T11:12:24+00:00\" \/>\n<meta property=\"og:image\" content=\"https:\/\/desarrollo11.alumnoposicionamiento.dev\/wp-content\/uploads\/2025\/01\/5-scaled.jpg\" \/>\n\t<meta property=\"og:image:width\" content=\"2560\" \/>\n\t<meta property=\"og:image:height\" content=\"1707\" \/>\n\t<meta property=\"og:image:type\" content=\"image\/jpeg\" \/>\n<meta name=\"twitter:card\" content=\"summary_large_image\" \/>\n<meta name=\"twitter:label1\" content=\"Tiempo de lectura\" \/>\n\t<meta name=\"twitter:data1\" content=\"2 minutos\" \/>\n<script type=\"application\/ld+json\" class=\"yoast-schema-graph\">{\"@context\":\"https:\/\/schema.org\",\"@graph\":[{\"@type\":\"WebPage\",\"@id\":\"https:\/\/desarrollo11.alumnoposicionamiento.dev\/index.php\/sobre-mi\/\",\"url\":\"https:\/\/desarrollo11.alumnoposicionamiento.dev\/index.php\/sobre-mi\/\",\"name\":\"Sobre m\u00ed - Lauraenaccion\",\"isPartOf\":{\"@id\":\"https:\/\/desarrollo11.alumnoposicionamiento.dev\/#website\"},\"primaryImageOfPage\":{\"@id\":\"https:\/\/desarrollo11.alumnoposicionamiento.dev\/index.php\/sobre-mi\/#primaryimage\"},\"image\":{\"@id\":\"https:\/\/desarrollo11.alumnoposicionamiento.dev\/index.php\/sobre-mi\/#primaryimage\"},\"thumbnailUrl\":\"https:\/\/desarrollo11.alumnoposicionamiento.dev\/wp-content\/uploads\/2025\/01\/5-scaled.jpg\",\"datePublished\":\"2024-10-09T16:39:54+00:00\",\"dateModified\":\"2025-01-09T11:12:24+00:00\",\"description\":\"Conoce mas sobre m\u00ed, Community Manager en Ja\u00e9n. Descubre mi trayectoria y c\u00f3mo puedo ayudarte a conectar con tu audiencia.\",\"breadcrumb\":{\"@id\":\"https:\/\/desarrollo11.alumnoposicionamiento.dev\/index.php\/sobre-mi\/#breadcrumb\"},\"inLanguage\":\"es\",\"potentialAction\":[{\"@type\":\"ReadAction\",\"target\":[\"https:\/\/desarrollo11.alumnoposicionamiento.dev\/index.php\/sobre-mi\/\"]}]},{\"@type\":\"ImageObject\",\"inLanguage\":\"es\",\"@id\":\"https:\/\/desarrollo11.alumnoposicionamiento.dev\/index.php\/sobre-mi\/#primaryimage\",\"url\":\"https:\/\/desarrollo11.alumnoposicionamiento.dev\/wp-content\/uploads\/2025\/01\/5-scaled.jpg\",\"contentUrl\":\"https:\/\/desarrollo11.alumnoposicionamiento.dev\/wp-content\/uploads\/2025\/01\/5-scaled.jpg\",\"width\":2560,\"height\":1707,\"caption\":\"A group of 3 friends of different ethnicities have fun in a beautiful restaurant.The young people take a photo with their mobile phones while drinking and having an aperitif.Friends in a bar concept.\"},{\"@type\":\"BreadcrumbList\",\"@id\":\"https:\/\/desarrollo11.alumnoposicionamiento.dev\/index.php\/sobre-mi\/#breadcrumb\",\"itemListElement\":[{\"@type\":\"ListItem\",\"position\":1,\"name\":\"Portada\",\"item\":\"https:\/\/desarrollo11.alumnoposicionamiento.dev\/\"},{\"@type\":\"ListItem\",\"position\":2,\"name\":\"Sobre m\u00ed\"}]},{\"@type\":\"WebSite\",\"@id\":\"https:\/\/desarrollo11.alumnoposicionamiento.dev\/#website\",\"url\":\"https:\/\/desarrollo11.alumnoposicionamiento.dev\/\",\"name\":\"Lauraenaccion\",\"description\":\"\",\"potentialAction\":[{\"@type\":\"SearchAction\",\"target\":{\"@type\":\"EntryPoint\",\"urlTemplate\":\"https:\/\/desarrollo11.alumnoposicionamiento.dev\/?s={search_term_string}\"},\"query-input\":{\"@type\":\"PropertyValueSpecification\",\"valueRequired\":true,\"valueName\":\"search_term_string\"}}],\"inLanguage\":\"es\"}]}<\/script>\n<!-- \/ Yoast SEO plugin. -->","yoast_head_json":{"title":"Sobre m\u00ed - Lauraenaccion","description":"Conoce mas sobre m\u00ed, Community Manager en Ja\u00e9n. Descubre mi trayectoria y c\u00f3mo puedo ayudarte a conectar con tu audiencia.","robots":{"index":"index","follow":"follow","max-snippet":"max-snippet:-1","max-image-preview":"max-image-preview:large","max-video-preview":"max-video-preview:-1"},"canonical":"https:\/\/desarrollo11.alumnoposicionamiento.dev\/index.php\/sobre-mi\/","og_locale":"es_ES","og_type":"article","og_title":"Sobre m\u00ed - Lauraenaccion","og_description":"Conoce mas sobre m\u00ed, Community Manager en Ja\u00e9n. Descubre mi trayectoria y c\u00f3mo puedo ayudarte a conectar con tu audiencia.","og_url":"https:\/\/desarrollo11.alumnoposicionamiento.dev\/index.php\/sobre-mi\/","og_site_name":"Lauraenaccion","article_modified_time":"2025-01-09T11:12:24+00:00","og_image":[{"width":2560,"height":1707,"url":"https:\/\/desarrollo11.alumnoposicionamiento.dev\/wp-content\/uploads\/2025\/01\/5-scaled.jpg","type":"image\/jpeg"}],"twitter_card":"summary_large_image","twitter_misc":{"Tiempo de lectura":"2 minutos"},"schema":{"@context":"https:\/\/schema.org","@graph":[{"@type":"WebPage","@id":"https:\/\/desarrollo11.alumnoposicionamiento.dev\/index.php\/sobre-mi\/","url":"https:\/\/desarrollo11.alumnoposicionamiento.dev\/index.php\/sobre-mi\/","name":"Sobre m\u00ed - Lauraenaccion","isPartOf":{"@id":"https:\/\/desarrollo11.alumnoposicionamiento.dev\/#website"},"primaryImageOfPage":{"@id":"https:\/\/desarrollo11.alumnoposicionamiento.dev\/index.php\/sobre-mi\/#primaryimage"},"image":{"@id":"https:\/\/desarrollo11.alumnoposicionamiento.dev\/index.php\/sobre-mi\/#primaryimage"},"thumbnailUrl":"https:\/\/desarrollo11.alumnoposicionamiento.dev\/wp-content\/uploads\/2025\/01\/5-scaled.jpg","datePublished":"2024-10-09T16:39:54+00:00","dateModified":"2025-01-09T11:12:24+00:00","description":"Conoce mas sobre m\u00ed, Community Manager en Ja\u00e9n. Descubre mi trayectoria y c\u00f3mo puedo ayudarte a conectar con tu audiencia.","breadcrumb":{"@id":"https:\/\/desarrollo11.alumnoposicionamiento.dev\/index.php\/sobre-mi\/#breadcrumb"},"inLanguage":"es","potentialAction":[{"@type":"ReadAction","target":["https:\/\/desarrollo11.alumnoposicionamiento.dev\/index.php\/sobre-mi\/"]}]},{"@type":"ImageObject","inLanguage":"es","@id":"https:\/\/desarrollo11.alumnoposicionamiento.dev\/index.php\/sobre-mi\/#primaryimage","url":"https:\/\/desarrollo11.alumnoposicionamiento.dev\/wp-content\/uploads\/2025\/01\/5-scaled.jpg","contentUrl":"https:\/\/desarrollo11.alumnoposicionamiento.dev\/wp-content\/uploads\/2025\/01\/5-scaled.jpg","width":2560,"height":1707,"caption":"A group of 3 friends of different ethnicities have fun in a beautiful restaurant.The young people take a photo with their mobile phones while drinking and having an aperitif.Friends in a bar concept."},{"@type":"BreadcrumbList","@id":"https:\/\/desarrollo11.alumnoposicionamiento.dev\/index.php\/sobre-mi\/#breadcrumb","itemListElement":[{"@type":"ListItem","position":1,"name":"Portada","item":"https:\/\/desarrollo11.alumnoposicionamiento.dev\/"},{"@type":"ListItem","position":2,"name":"Sobre m\u00ed"}]},{"@type":"WebSite","@id":"https:\/\/desarrollo11.alumnoposicionamiento.dev\/#website","url":"https:\/\/desarrollo11.alumnoposicionamiento.dev\/","name":"Lauraenaccion","description":"","potentialAction":[{"@type":"SearchAction","target":{"@type":"EntryPoint","urlTemplate":"https:\/\/desarrollo11.alumnoposicionamiento.dev\/?s={search_term_string}"},"query-input":{"@type":"PropertyValueSpecification","valueRequired":true,"valueName":"search_term_string"}}],"inLanguage":"es"}]}},"_links":{"self":[{"href":"https:\/\/desarrollo11.alumnoposicionamiento.dev\/index.php\/wp-json\/wp\/v2\/pages\/13","targetHints":{"allow":["GET"]}}],"collection":[{"href":"https:\/\/desarrollo11.alumnoposicionamiento.dev\/index.php\/wp-json\/wp\/v2\/pages"}],"about":[{"href":"https:\/\/desarrollo11.alumnoposicionamiento.dev\/index.php\/wp-json\/wp\/v2\/types\/page"}],"author":[{"embeddable":true,"href":"https:\/\/desarrollo11.alumnoposicionamiento.dev\/index.php\/wp-json\/wp\/v2\/users\/1"}],"replies":[{"embeddable":true,"href":"https:\/\/desarrollo11.alumnoposicionamiento.dev\/index.php\/wp-json\/wp\/v2\/comments?post=13"}],"version-history":[{"count":52,"href":"https:\/\/desarrollo11.alumnoposicionamiento.dev\/index.php\/wp-json\/wp\/v2\/pages\/13\/revisions"}],"predecessor-version":[{"id":893,"href":"https:\/\/desarrollo11.alumnoposicionamiento.dev\/index.php\/wp-json\/wp\/v2\/pages\/13\/revisions\/893"}],"wp:featuredmedia":[{"embeddable":true,"href":"https:\/\/desarrollo11.alumnoposicionamiento.dev\/index.php\/wp-json\/wp\/v2\/media\/884"}],"wp:attachment":[{"href":"https:\/\/desarrollo11.alumnoposicionamiento.dev\/index.php\/wp-json\/wp\/v2\/media?parent=13"}],"curies":[{"name":"wp","href":"https:\/\/api.w.org\/{rel}","templated":true}]}}