{"id":33,"date":"2024-10-09T16:50:51","date_gmt":"2024-10-09T16:50:51","guid":{"rendered":"https:\/\/desarrollo11.alumnoposicionamiento.dev\/?page_id=33"},"modified":"2024-12-27T18:27:15","modified_gmt":"2024-12-27T18:27:15","slug":"estrategias-de-marketing-digital-personalizadas","status":"publish","type":"page","link":"https:\/\/desarrollo11.alumnoposicionamiento.dev\/index.php\/estrategias-de-marketing-digital-personalizadas\/","title":{"rendered":"Desarrollo de estrategias de marketing digital"},"content":{"rendered":"\t\t<div data-elementor-type=\"wp-page\" data-elementor-id=\"33\" class=\"elementor elementor-33\" data-elementor-post-type=\"page\">\n\t\t\t\t\t\t<section class=\"elementor-section elementor-top-section elementor-element elementor-element-702e7862 elementor-section-height-min-height elementor-section-full_width elementor-section-items-stretch elementor-section-height-default\" data-id=\"702e7862\" data-element_type=\"section\" data-settings=\"{&quot;background_background&quot;:&quot;classic&quot;}\">\n\t\t\t\t\t\t\t<div class=\"elementor-background-overlay\"><\/div>\n\t\t\t\t\t\t\t<div class=\"elementor-container elementor-column-gap-no\">\n\t\t\t\t\t<div class=\"elementor-column elementor-col-100 elementor-top-column elementor-element elementor-element-3f287123\" data-id=\"3f287123\" data-element_type=\"column\" data-settings=\"{&quot;background_background&quot;:&quot;classic&quot;}\">\n\t\t\t<div class=\"elementor-widget-wrap elementor-element-populated\">\n\t\t\t\t\t<div class=\"elementor-background-overlay\"><\/div>\n\t\t\t\t\t\t<div class=\"elementor-element elementor-element-74af723b elementor-widget__width-inherit elementor-invisible elementor-widget elementor-widget-heading\" data-id=\"74af723b\" data-element_type=\"widget\" data-settings=\"{&quot;_animation&quot;:&quot;pulse&quot;}\" data-widget_type=\"heading.default\">\n\t\t\t\t<div class=\"elementor-widget-container\">\n\t\t\t<h1 class=\"elementor-heading-title elementor-size-default\">Estrategias de Marketing Digital<\/h1>\t\t<\/div>\n\t\t\t\t<\/div>\n\t\t\t\t\t<\/div>\n\t\t<\/div>\n\t\t\t\t\t<\/div>\n\t\t<\/section>\n\t\t<div class=\"elementor-element elementor-element-90bf406 e-flex e-con-boxed e-con e-parent\" data-id=\"90bf406\" data-element_type=\"container\">\n\t\t\t\t\t<div class=\"e-con-inner\">\n\t\t\t\t<div class=\"elementor-element elementor-element-6eada68 elementor-widget elementor-widget-spacer\" data-id=\"6eada68\" data-element_type=\"widget\" data-widget_type=\"spacer.default\">\n\t\t\t\t<div class=\"elementor-widget-container\">\n\t\t\t\t\t<div class=\"elementor-spacer\">\n\t\t\t<div class=\"elementor-spacer-inner\"><\/div>\n\t\t<\/div>\n\t\t\t\t<\/div>\n\t\t\t\t<\/div>\n\t\t\t\t<div class=\"elementor-element elementor-element-aae8cd7 elementor-widget elementor-widget-text-editor\" data-id=\"aae8cd7\" data-element_type=\"widget\" data-widget_type=\"text-editor.default\">\n\t\t\t\t<div class=\"elementor-widget-container\">\n\t\t\t\t\t\t\t<p>Tu marca necesita una estrategia clara para sobresalir en el mundo digital. Dise\u00f1amos estrategias de marketing digital personalizadas alcanzar tus objetivos.<br \/>Este servicio incluye:<\/p><ul><li><strong>Desarrollo de campa\u00f1as publicitarias<\/strong>: Google Ads, Instagram y Facebook Ads adaptados a tu p\u00fablico.<\/li><li><strong>Planificaci\u00f3n de contenido estrat\u00e9gico<\/strong>: Calendarios optimizados para fechas clave como promociones, lanzamientos o eventos especiales.<\/li><li><strong>Segmentaci\u00f3n de audiencias<\/strong>: Identificamos y dirigimos las campa\u00f1as a las personas que realmente importan para tu negocio.<\/li><li><strong>An\u00e1lisis de resultados<\/strong>: Seguimos el rendimiento de las campa\u00f1as para realizar ajustes y maximizar el ROI.<\/li><\/ul><p>Las estrategias de marketing digital son el mapa que gu\u00eda a las marcas hacia sus objetivos. En <em>Laura en Acci\u00f3n<\/em>, dise\u00f1o planes personalizados que combinan creatividad, an\u00e1lisis y resultados medibles para llevar tu marca al siguiente nivel.<\/p><p>El proceso comienza con una reuni\u00f3n para entender tus metas: \u00bfquieres aumentar la visibilidad, generar m\u00e1s ventas o conectar con un p\u00fablico espec\u00edfico? A partir de ah\u00ed, elaboro un plan integral que puede incluir campa\u00f1as en Google Ads, Instagram y Facebook. Cada campa\u00f1a est\u00e1 dise\u00f1ada pensando en tu audiencia ideal, utilizando una segmentaci\u00f3n detallada para llegar a las personas correctas.<\/p><p>La planificaci\u00f3n de contenido estrat\u00e9gico es otro pilar importante. Dise\u00f1amos calendarios que incluyen publicaciones relevantes para fechas clave, promociones especiales y lanzamientos de productos. Esto asegura que tu marca est\u00e9 siempre en el momento y lugar adecuado.<\/p><p>El an\u00e1lisis es fundamental en las estrategias de marketing digital. A trav\u00e9s de herramientas avanzadas, monitoreo el rendimiento de las campa\u00f1as y ajusto las t\u00e1cticas para maximizar el retorno de tu inversi\u00f3n (ROI). Cada decisi\u00f3n se basa en datos, lo que garantiza que los resultados sean tangibles y efectivos.<\/p><p>Con una estrategia bien dise\u00f1ada, tu marca no solo estar\u00e1 presente en el mundo digital, sino que destacar\u00e1. En <em>Laura en Acci\u00f3n<\/em>, me encargo de que tu marketing digital sea tan \u00fanico como t\u00fa.<\/p>\t\t\t\t\t\t<\/div>\n\t\t\t\t<\/div>\n\t\t\t\t<div class=\"elementor-element elementor-element-50a1bd3 elementor-widget elementor-widget-spacer\" data-id=\"50a1bd3\" data-element_type=\"widget\" data-widget_type=\"spacer.default\">\n\t\t\t\t<div class=\"elementor-widget-container\">\n\t\t\t\t\t<div class=\"elementor-spacer\">\n\t\t\t<div class=\"elementor-spacer-inner\"><\/div>\n\t\t<\/div>\n\t\t\t\t<\/div>\n\t\t\t\t<\/div>\n\t\t\t\t\t<\/div>\n\t\t\t\t<\/div>\n\t\t<div class=\"elementor-element elementor-element-d7c86bf e-flex e-con-boxed e-con e-parent\" data-id=\"d7c86bf\" data-element_type=\"container\">\n\t\t\t\t\t<div class=\"e-con-inner\">\n\t\t\t\t<div class=\"elementor-element elementor-element-4ada75d elementor-widget elementor-widget-text-editor\" data-id=\"4ada75d\" data-element_type=\"widget\" data-widget_type=\"text-editor.default\">\n\t\t\t\t<div class=\"elementor-widget-container\">\n\t\t\t\t\t\t\t<p>\u00bfQuieres combinar estrategias de marketing con otros servicios personalizados? Descubre todo lo que podemos hacer por tu marca.<\/p>\t\t\t\t\t\t<\/div>\n\t\t\t\t<\/div>\n\t\t\t\t\t<\/div>\n\t\t\t\t<\/div>\n\t\t<div class=\"elementor-element elementor-element-715ae48 e-flex e-con-boxed e-con e-parent\" data-id=\"715ae48\" data-element_type=\"container\">\n\t\t\t\t\t<div class=\"e-con-inner\">\n\t\t\t\t<div class=\"elementor-element elementor-element-a04428e elementor-align-center elementor-widget elementor-widget-button\" data-id=\"a04428e\" data-element_type=\"widget\" data-widget_type=\"button.default\">\n\t\t\t\t<div class=\"elementor-widget-container\">\n\t\t\t\t\t\t\t<div class=\"elementor-button-wrapper\">\n\t\t\t\t\t<a class=\"elementor-button elementor-button-link elementor-size-sm\" href=\"https:\/\/desarrollo11.alumnoposicionamiento.dev\/index.php\/servicio\/\">\n\t\t\t\t\t\t<span class=\"elementor-button-content-wrapper\">\n\t\t\t\t\t\t\t\t\t<span class=\"elementor-button-text\">Ver todos los servicios<\/span>\n\t\t\t\t\t<\/span>\n\t\t\t\t\t<\/a>\n\t\t\t\t<\/div>\n\t\t\t\t\t\t<\/div>\n\t\t\t\t<\/div>\n\t\t\t\t\t<\/div>\n\t\t\t\t<\/div>\n\t\t\t\t<\/div>\n\t\t","protected":false},"excerpt":{"rendered":"<p>Estrategias de Marketing Digital Tu marca necesita una estrategia clara para sobresalir en el mundo digital. Dise\u00f1amos estrategias de marketing digital personalizadas alcanzar tus objetivos.Este servicio incluye: Desarrollo de campa\u00f1as publicitarias: Google Ads, Instagram y Facebook Ads adaptados a tu p\u00fablico. Planificaci\u00f3n de contenido estrat\u00e9gico: Calendarios optimizados para fechas clave como promociones, lanzamientos o eventos [&hellip;]<\/p>\n","protected":false},"author":1,"featured_media":650,"parent":0,"menu_order":0,"comment_status":"closed","ping_status":"closed","template":"","meta":{"footnotes":""},"class_list":["post-33","page","type-page","status-publish","has-post-thumbnail","hentry"],"yoast_head":"<!-- This site is optimized with the Yoast SEO plugin v23.4 - https:\/\/yoast.com\/wordpress\/plugins\/seo\/ -->\n<title>Desarrollo de estrategias de marketing digital - Lauraenaccion<\/title>\n<meta name=\"description\" content=\"Estrategias de marketing digital personalizadas. Publicidad online, segmentaci\u00f3n y an\u00e1lisis para maximizar resultados.\" \/>\n<meta name=\"robots\" content=\"index, follow, max-snippet:-1, max-image-preview:large, max-video-preview:-1\" \/>\n<link rel=\"canonical\" href=\"https:\/\/desarrollo11.alumnoposicionamiento.dev\/index.php\/estrategias-de-marketing-digital-personalizadas\/\" \/>\n<meta property=\"og:locale\" content=\"es_ES\" \/>\n<meta property=\"og:type\" content=\"article\" \/>\n<meta property=\"og:title\" content=\"Desarrollo de estrategias de marketing digital - Lauraenaccion\" \/>\n<meta property=\"og:description\" content=\"Estrategias de marketing digital personalizadas. Publicidad online, segmentaci\u00f3n y an\u00e1lisis para maximizar resultados.\" \/>\n<meta property=\"og:url\" content=\"https:\/\/desarrollo11.alumnoposicionamiento.dev\/index.php\/estrategias-de-marketing-digital-personalizadas\/\" \/>\n<meta property=\"og:site_name\" content=\"Lauraenaccion\" \/>\n<meta property=\"article:modified_time\" content=\"2024-12-27T18:27:15+00:00\" \/>\n<meta property=\"og:image\" content=\"https:\/\/desarrollo11.alumnoposicionamiento.dev\/wp-content\/uploads\/2024\/12\/IMG_0109.png\" \/>\n\t<meta property=\"og:image:width\" content=\"900\" \/>\n\t<meta property=\"og:image:height\" content=\"600\" \/>\n\t<meta property=\"og:image:type\" content=\"image\/png\" \/>\n<meta name=\"twitter:card\" content=\"summary_large_image\" \/>\n<meta name=\"twitter:label1\" content=\"Tiempo de lectura\" \/>\n\t<meta name=\"twitter:data1\" content=\"2 minutos\" \/>\n<script type=\"application\/ld+json\" class=\"yoast-schema-graph\">{\"@context\":\"https:\/\/schema.org\",\"@graph\":[{\"@type\":\"WebPage\",\"@id\":\"https:\/\/desarrollo11.alumnoposicionamiento.dev\/index.php\/estrategias-de-marketing-digital-personalizadas\/\",\"url\":\"https:\/\/desarrollo11.alumnoposicionamiento.dev\/index.php\/estrategias-de-marketing-digital-personalizadas\/\",\"name\":\"Desarrollo de estrategias de marketing digital - Lauraenaccion\",\"isPartOf\":{\"@id\":\"https:\/\/desarrollo11.alumnoposicionamiento.dev\/#website\"},\"primaryImageOfPage\":{\"@id\":\"https:\/\/desarrollo11.alumnoposicionamiento.dev\/index.php\/estrategias-de-marketing-digital-personalizadas\/#primaryimage\"},\"image\":{\"@id\":\"https:\/\/desarrollo11.alumnoposicionamiento.dev\/index.php\/estrategias-de-marketing-digital-personalizadas\/#primaryimage\"},\"thumbnailUrl\":\"https:\/\/desarrollo11.alumnoposicionamiento.dev\/wp-content\/uploads\/2024\/12\/IMG_0109.png\",\"datePublished\":\"2024-10-09T16:50:51+00:00\",\"dateModified\":\"2024-12-27T18:27:15+00:00\",\"description\":\"Estrategias de marketing digital personalizadas. Publicidad online, segmentaci\u00f3n y an\u00e1lisis para maximizar resultados.\",\"breadcrumb\":{\"@id\":\"https:\/\/desarrollo11.alumnoposicionamiento.dev\/index.php\/estrategias-de-marketing-digital-personalizadas\/#breadcrumb\"},\"inLanguage\":\"es\",\"potentialAction\":[{\"@type\":\"ReadAction\",\"target\":[\"https:\/\/desarrollo11.alumnoposicionamiento.dev\/index.php\/estrategias-de-marketing-digital-personalizadas\/\"]}]},{\"@type\":\"ImageObject\",\"inLanguage\":\"es\",\"@id\":\"https:\/\/desarrollo11.alumnoposicionamiento.dev\/index.php\/estrategias-de-marketing-digital-personalizadas\/#primaryimage\",\"url\":\"https:\/\/desarrollo11.alumnoposicionamiento.dev\/wp-content\/uploads\/2024\/12\/IMG_0109.png\",\"contentUrl\":\"https:\/\/desarrollo11.alumnoposicionamiento.dev\/wp-content\/uploads\/2024\/12\/IMG_0109.png\",\"width\":900,\"height\":600,\"caption\":\"Estrategias de marketing digital personalizadas\"},{\"@type\":\"BreadcrumbList\",\"@id\":\"https:\/\/desarrollo11.alumnoposicionamiento.dev\/index.php\/estrategias-de-marketing-digital-personalizadas\/#breadcrumb\",\"itemListElement\":[{\"@type\":\"ListItem\",\"position\":1,\"name\":\"Portada\",\"item\":\"https:\/\/desarrollo11.alumnoposicionamiento.dev\/\"},{\"@type\":\"ListItem\",\"position\":2,\"name\":\"Desarrollo de estrategias de marketing digital\"}]},{\"@type\":\"WebSite\",\"@id\":\"https:\/\/desarrollo11.alumnoposicionamiento.dev\/#website\",\"url\":\"https:\/\/desarrollo11.alumnoposicionamiento.dev\/\",\"name\":\"Lauraenaccion\",\"description\":\"\",\"potentialAction\":[{\"@type\":\"SearchAction\",\"target\":{\"@type\":\"EntryPoint\",\"urlTemplate\":\"https:\/\/desarrollo11.alumnoposicionamiento.dev\/?s={search_term_string}\"},\"query-input\":{\"@type\":\"PropertyValueSpecification\",\"valueRequired\":true,\"valueName\":\"search_term_string\"}}],\"inLanguage\":\"es\"}]}<\/script>\n<!-- \/ Yoast SEO plugin. -->","yoast_head_json":{"title":"Desarrollo de estrategias de marketing digital - Lauraenaccion","description":"Estrategias de marketing digital personalizadas. Publicidad online, segmentaci\u00f3n y an\u00e1lisis para maximizar resultados.","robots":{"index":"index","follow":"follow","max-snippet":"max-snippet:-1","max-image-preview":"max-image-preview:large","max-video-preview":"max-video-preview:-1"},"canonical":"https:\/\/desarrollo11.alumnoposicionamiento.dev\/index.php\/estrategias-de-marketing-digital-personalizadas\/","og_locale":"es_ES","og_type":"article","og_title":"Desarrollo de estrategias de marketing digital - Lauraenaccion","og_description":"Estrategias de marketing digital personalizadas. Publicidad online, segmentaci\u00f3n y an\u00e1lisis para maximizar resultados.","og_url":"https:\/\/desarrollo11.alumnoposicionamiento.dev\/index.php\/estrategias-de-marketing-digital-personalizadas\/","og_site_name":"Lauraenaccion","article_modified_time":"2024-12-27T18:27:15+00:00","og_image":[{"width":900,"height":600,"url":"https:\/\/desarrollo11.alumnoposicionamiento.dev\/wp-content\/uploads\/2024\/12\/IMG_0109.png","type":"image\/png"}],"twitter_card":"summary_large_image","twitter_misc":{"Tiempo de lectura":"2 minutos"},"schema":{"@context":"https:\/\/schema.org","@graph":[{"@type":"WebPage","@id":"https:\/\/desarrollo11.alumnoposicionamiento.dev\/index.php\/estrategias-de-marketing-digital-personalizadas\/","url":"https:\/\/desarrollo11.alumnoposicionamiento.dev\/index.php\/estrategias-de-marketing-digital-personalizadas\/","name":"Desarrollo de estrategias de marketing digital - Lauraenaccion","isPartOf":{"@id":"https:\/\/desarrollo11.alumnoposicionamiento.dev\/#website"},"primaryImageOfPage":{"@id":"https:\/\/desarrollo11.alumnoposicionamiento.dev\/index.php\/estrategias-de-marketing-digital-personalizadas\/#primaryimage"},"image":{"@id":"https:\/\/desarrollo11.alumnoposicionamiento.dev\/index.php\/estrategias-de-marketing-digital-personalizadas\/#primaryimage"},"thumbnailUrl":"https:\/\/desarrollo11.alumnoposicionamiento.dev\/wp-content\/uploads\/2024\/12\/IMG_0109.png","datePublished":"2024-10-09T16:50:51+00:00","dateModified":"2024-12-27T18:27:15+00:00","description":"Estrategias de marketing digital personalizadas. Publicidad online, segmentaci\u00f3n y an\u00e1lisis para maximizar resultados.","breadcrumb":{"@id":"https:\/\/desarrollo11.alumnoposicionamiento.dev\/index.php\/estrategias-de-marketing-digital-personalizadas\/#breadcrumb"},"inLanguage":"es","potentialAction":[{"@type":"ReadAction","target":["https:\/\/desarrollo11.alumnoposicionamiento.dev\/index.php\/estrategias-de-marketing-digital-personalizadas\/"]}]},{"@type":"ImageObject","inLanguage":"es","@id":"https:\/\/desarrollo11.alumnoposicionamiento.dev\/index.php\/estrategias-de-marketing-digital-personalizadas\/#primaryimage","url":"https:\/\/desarrollo11.alumnoposicionamiento.dev\/wp-content\/uploads\/2024\/12\/IMG_0109.png","contentUrl":"https:\/\/desarrollo11.alumnoposicionamiento.dev\/wp-content\/uploads\/2024\/12\/IMG_0109.png","width":900,"height":600,"caption":"Estrategias de marketing digital personalizadas"},{"@type":"BreadcrumbList","@id":"https:\/\/desarrollo11.alumnoposicionamiento.dev\/index.php\/estrategias-de-marketing-digital-personalizadas\/#breadcrumb","itemListElement":[{"@type":"ListItem","position":1,"name":"Portada","item":"https:\/\/desarrollo11.alumnoposicionamiento.dev\/"},{"@type":"ListItem","position":2,"name":"Desarrollo de estrategias de marketing digital"}]},{"@type":"WebSite","@id":"https:\/\/desarrollo11.alumnoposicionamiento.dev\/#website","url":"https:\/\/desarrollo11.alumnoposicionamiento.dev\/","name":"Lauraenaccion","description":"","potentialAction":[{"@type":"SearchAction","target":{"@type":"EntryPoint","urlTemplate":"https:\/\/desarrollo11.alumnoposicionamiento.dev\/?s={search_term_string}"},"query-input":{"@type":"PropertyValueSpecification","valueRequired":true,"valueName":"search_term_string"}}],"inLanguage":"es"}]}},"_links":{"self":[{"href":"https:\/\/desarrollo11.alumnoposicionamiento.dev\/index.php\/wp-json\/wp\/v2\/pages\/33","targetHints":{"allow":["GET"]}}],"collection":[{"href":"https:\/\/desarrollo11.alumnoposicionamiento.dev\/index.php\/wp-json\/wp\/v2\/pages"}],"about":[{"href":"https:\/\/desarrollo11.alumnoposicionamiento.dev\/index.php\/wp-json\/wp\/v2\/types\/page"}],"author":[{"embeddable":true,"href":"https:\/\/desarrollo11.alumnoposicionamiento.dev\/index.php\/wp-json\/wp\/v2\/users\/1"}],"replies":[{"embeddable":true,"href":"https:\/\/desarrollo11.alumnoposicionamiento.dev\/index.php\/wp-json\/wp\/v2\/comments?post=33"}],"version-history":[{"count":17,"href":"https:\/\/desarrollo11.alumnoposicionamiento.dev\/index.php\/wp-json\/wp\/v2\/pages\/33\/revisions"}],"predecessor-version":[{"id":822,"href":"https:\/\/desarrollo11.alumnoposicionamiento.dev\/index.php\/wp-json\/wp\/v2\/pages\/33\/revisions\/822"}],"wp:featuredmedia":[{"embeddable":true,"href":"https:\/\/desarrollo11.alumnoposicionamiento.dev\/index.php\/wp-json\/wp\/v2\/media\/650"}],"wp:attachment":[{"href":"https:\/\/desarrollo11.alumnoposicionamiento.dev\/index.php\/wp-json\/wp\/v2\/media?parent=33"}],"curies":[{"name":"wp","href":"https:\/\/api.w.org\/{rel}","templated":true}]}}