{"id":36,"date":"2024-10-09T16:51:44","date_gmt":"2024-10-09T16:51:44","guid":{"rendered":"https:\/\/desarrollo11.alumnoposicionamiento.dev\/?page_id=36"},"modified":"2024-12-27T17:56:56","modified_gmt":"2024-12-27T17:56:56","slug":"gestion-de-redes-sociales-para-marcas","status":"publish","type":"page","link":"https:\/\/desarrollo11.alumnoposicionamiento.dev\/index.php\/gestion-de-redes-sociales-para-marcas\/","title":{"rendered":"Gesti\u00f3n de redes sociales"},"content":{"rendered":"\t\t<div data-elementor-type=\"wp-page\" data-elementor-id=\"36\" class=\"elementor elementor-36\" data-elementor-post-type=\"page\">\n\t\t\t\t\t\t<section class=\"elementor-section elementor-top-section elementor-element elementor-element-fa81670 elementor-section-height-min-height elementor-section-full_width elementor-section-items-stretch elementor-section-height-default\" data-id=\"fa81670\" data-element_type=\"section\" data-settings=\"{&quot;background_background&quot;:&quot;classic&quot;}\">\n\t\t\t\t\t\t\t<div class=\"elementor-background-overlay\"><\/div>\n\t\t\t\t\t\t\t<div class=\"elementor-container elementor-column-gap-no\">\n\t\t\t\t\t<div class=\"elementor-column elementor-col-100 elementor-top-column elementor-element elementor-element-2eb46916\" data-id=\"2eb46916\" data-element_type=\"column\" data-settings=\"{&quot;background_background&quot;:&quot;classic&quot;}\">\n\t\t\t<div class=\"elementor-widget-wrap elementor-element-populated\">\n\t\t\t\t\t<div class=\"elementor-background-overlay\"><\/div>\n\t\t\t\t\t\t<div class=\"elementor-element elementor-element-5751395c elementor-invisible elementor-widget elementor-widget-heading\" data-id=\"5751395c\" data-element_type=\"widget\" data-settings=\"{&quot;_animation&quot;:&quot;pulse&quot;}\" data-widget_type=\"heading.default\">\n\t\t\t\t<div class=\"elementor-widget-container\">\n\t\t\t<h1 class=\"elementor-heading-title elementor-size-default\">Gesti\u00f3n de Redes Sociales<\/h1>\t\t<\/div>\n\t\t\t\t<\/div>\n\t\t\t\t\t<\/div>\n\t\t<\/div>\n\t\t\t\t\t<\/div>\n\t\t<\/section>\n\t\t<div class=\"elementor-element elementor-element-ecf8ec5 e-flex e-con-boxed e-con e-parent\" data-id=\"ecf8ec5\" data-element_type=\"container\">\n\t\t\t\t\t<div class=\"e-con-inner\">\n\t\t\t\t<div class=\"elementor-element elementor-element-f487fd3 elementor-widget elementor-widget-spacer\" data-id=\"f487fd3\" data-element_type=\"widget\" data-widget_type=\"spacer.default\">\n\t\t\t\t<div class=\"elementor-widget-container\">\n\t\t\t\t\t<div class=\"elementor-spacer\">\n\t\t\t<div class=\"elementor-spacer-inner\"><\/div>\n\t\t<\/div>\n\t\t\t\t<\/div>\n\t\t\t\t<\/div>\n\t\t\t\t<div class=\"elementor-element elementor-element-b7ab9fa elementor-widget elementor-widget-text-editor\" data-id=\"b7ab9fa\" data-element_type=\"widget\" data-widget_type=\"text-editor.default\">\n\t\t\t\t<div class=\"elementor-widget-container\">\n\t\t\t\t\t\t\t<p>Conecta aut\u00e9nticamente con tu audiencia y haz que tu marca destaque en plataformas digitales.<br \/>En este servicio me encargo de:<\/p><ul><li><strong>Planificaci\u00f3n de contenido<\/strong>: Dise\u00f1amos un calendario adaptado a las necesidades y objetivos de tu marca.<\/li><li><strong>Publicaci\u00f3n y programaci\u00f3n<\/strong>: Mantenemos tus redes activas con publicaciones constantes y bien estructuradas.<\/li><li><strong>Interacci\u00f3n con la comunidad<\/strong>: Respondo mensajes, comentarios y me aseguro de que tus seguidores sientan tu presencia.<\/li><li><strong>An\u00e1lisis y optimizaci\u00f3n<\/strong>: Uso m\u00e9tricas clave para ajustar las estrategias y maximizar resultados.<\/li><\/ul><p>\u00a0<\/p><p>Las redes sociales son el escaparate perfecto para conectar con tu audiencia y construir una presencia s\u00f3lida. En <em>Laura en Acci\u00f3n<\/em>, entiendo que cada plataforma tiene su propio lenguaje y que el \u00e9xito no depende solo de publicar contenido, sino de hacerlo de forma estrat\u00e9gica y constante.<\/p><p>Este servicio incluye todo lo que tu marca necesita para destacar en plataformas como Instagram, TikTok, Facebook y m\u00e1s. Comenzamos con un an\u00e1lisis de tus redes actuales, identificando fortalezas y \u00e1reas de mejora. Dise\u00f1amos un calendario de publicaciones adaptado a tus objetivos y a las tendencias del momento, asegur\u00e1ndonos de que tu contenido siempre sea relevante.<\/p><p>La interacci\u00f3n es clave en redes sociales. Por eso, gestiono los mensajes, comentarios y menciones para construir relaciones aut\u00e9nticas con tu comunidad. Adem\u00e1s, utilizo herramientas de an\u00e1lisis para monitorear el rendimiento de cada publicaci\u00f3n, evaluando m\u00e9tricas como alcance, engagement y conversi\u00f3n. Estos datos nos permiten ajustar las estrategias para maximizar resultados.<\/p><p>Ya sea que quieras crecer tu comunidad, aumentar la interacci\u00f3n o promover tus productos, mi enfoque personalizado se adapta a las necesidades espec\u00edficas de tu marca. Con una gesti\u00f3n integral, tus redes sociales no solo estar\u00e1n activas, sino que se convertir\u00e1n en una herramienta poderosa para conectar con tu p\u00fablico y alcanzar tus objetivos.<\/p>\t\t\t\t\t\t<\/div>\n\t\t\t\t<\/div>\n\t\t\t\t<div class=\"elementor-element elementor-element-f6102ed elementor-widget elementor-widget-spacer\" data-id=\"f6102ed\" data-element_type=\"widget\" data-widget_type=\"spacer.default\">\n\t\t\t\t<div class=\"elementor-widget-container\">\n\t\t\t\t\t<div class=\"elementor-spacer\">\n\t\t\t<div class=\"elementor-spacer-inner\"><\/div>\n\t\t<\/div>\n\t\t\t\t<\/div>\n\t\t\t\t<\/div>\n\t\t\t\t<div class=\"elementor-element elementor-element-2c3e67c elementor-widget elementor-widget-text-editor\" data-id=\"2c3e67c\" data-element_type=\"widget\" data-widget_type=\"text-editor.default\">\n\t\t\t\t<div class=\"elementor-widget-container\">\n\t\t\t\t\t\t\t<p>\u00bfBuscas m\u00e1s maneras de potenciar tu marca? Descubre todos los servicios que ofrecemos para ayudarte a crecer.<\/p>\t\t\t\t\t\t<\/div>\n\t\t\t\t<\/div>\n\t\t\t\t\t<\/div>\n\t\t\t\t<\/div>\n\t\t<div class=\"elementor-element elementor-element-f5a5c37 e-flex e-con-boxed e-con e-parent\" data-id=\"f5a5c37\" data-element_type=\"container\">\n\t\t\t\t\t<div class=\"e-con-inner\">\n\t\t\t\t<div class=\"elementor-element elementor-element-01c3795 elementor-align-center elementor-widget elementor-widget-button\" data-id=\"01c3795\" data-element_type=\"widget\" data-widget_type=\"button.default\">\n\t\t\t\t<div class=\"elementor-widget-container\">\n\t\t\t\t\t\t\t<div class=\"elementor-button-wrapper\">\n\t\t\t\t\t<a class=\"elementor-button elementor-button-link elementor-size-sm\" href=\"https:\/\/desarrollo11.alumnoposicionamiento.dev\/index.php\/servicio\/\">\n\t\t\t\t\t\t<span class=\"elementor-button-content-wrapper\">\n\t\t\t\t\t\t\t\t\t<span class=\"elementor-button-text\">Ver todos los servicios<\/span>\n\t\t\t\t\t<\/span>\n\t\t\t\t\t<\/a>\n\t\t\t\t<\/div>\n\t\t\t\t\t\t<\/div>\n\t\t\t\t<\/div>\n\t\t\t\t\t<\/div>\n\t\t\t\t<\/div>\n\t\t\t\t<\/div>\n\t\t","protected":false},"excerpt":{"rendered":"<p>Gesti\u00f3n de Redes Sociales Conecta aut\u00e9nticamente con tu audiencia y haz que tu marca destaque en plataformas digitales.En este servicio me encargo de: Planificaci\u00f3n de contenido: Dise\u00f1amos un calendario adaptado a las necesidades y objetivos de tu marca. Publicaci\u00f3n y programaci\u00f3n: Mantenemos tus redes activas con publicaciones constantes y bien estructuradas. Interacci\u00f3n con la comunidad: [&hellip;]<\/p>\n","protected":false},"author":1,"featured_media":439,"parent":0,"menu_order":0,"comment_status":"closed","ping_status":"closed","template":"","meta":{"footnotes":""},"class_list":["post-36","page","type-page","status-publish","has-post-thumbnail","hentry"],"yoast_head":"<!-- This site is optimized with the Yoast SEO plugin v23.4 - https:\/\/yoast.com\/wordpress\/plugins\/seo\/ -->\n<title>Gesti\u00f3n de redes sociales - Lauraenaccion<\/title>\n<meta name=\"description\" content=\"Potencia tu marca con una gesti\u00f3n de redes sociales efectiva. Planificaci\u00f3n, interacci\u00f3n y an\u00e1lisis para destacar en plataformas.\" \/>\n<meta name=\"robots\" content=\"index, follow, max-snippet:-1, max-image-preview:large, max-video-preview:-1\" \/>\n<link rel=\"canonical\" href=\"https:\/\/desarrollo11.alumnoposicionamiento.dev\/index.php\/gestion-de-redes-sociales-para-marcas\/\" \/>\n<meta property=\"og:locale\" content=\"es_ES\" \/>\n<meta property=\"og:type\" content=\"article\" \/>\n<meta property=\"og:title\" content=\"Gesti\u00f3n de redes sociales - Lauraenaccion\" \/>\n<meta property=\"og:description\" content=\"Potencia tu marca con una gesti\u00f3n de redes sociales efectiva. Planificaci\u00f3n, interacci\u00f3n y an\u00e1lisis para destacar en plataformas.\" \/>\n<meta property=\"og:url\" content=\"https:\/\/desarrollo11.alumnoposicionamiento.dev\/index.php\/gestion-de-redes-sociales-para-marcas\/\" \/>\n<meta property=\"og:site_name\" content=\"Lauraenaccion\" \/>\n<meta property=\"article:modified_time\" content=\"2024-12-27T17:56:56+00:00\" \/>\n<meta property=\"og:image\" content=\"https:\/\/desarrollo11.alumnoposicionamiento.dev\/wp-content\/uploads\/2024\/11\/IMG_9830.jpg\" \/>\n\t<meta property=\"og:image:width\" content=\"1850\" \/>\n\t<meta property=\"og:image:height\" content=\"1233\" \/>\n\t<meta property=\"og:image:type\" content=\"image\/jpeg\" \/>\n<meta name=\"twitter:card\" content=\"summary_large_image\" \/>\n<meta name=\"twitter:label1\" content=\"Tiempo de lectura\" \/>\n\t<meta name=\"twitter:data1\" content=\"2 minutos\" \/>\n<script type=\"application\/ld+json\" class=\"yoast-schema-graph\">{\"@context\":\"https:\/\/schema.org\",\"@graph\":[{\"@type\":\"WebPage\",\"@id\":\"https:\/\/desarrollo11.alumnoposicionamiento.dev\/index.php\/gestion-de-redes-sociales-para-marcas\/\",\"url\":\"https:\/\/desarrollo11.alumnoposicionamiento.dev\/index.php\/gestion-de-redes-sociales-para-marcas\/\",\"name\":\"Gesti\u00f3n de redes sociales - Lauraenaccion\",\"isPartOf\":{\"@id\":\"https:\/\/desarrollo11.alumnoposicionamiento.dev\/#website\"},\"primaryImageOfPage\":{\"@id\":\"https:\/\/desarrollo11.alumnoposicionamiento.dev\/index.php\/gestion-de-redes-sociales-para-marcas\/#primaryimage\"},\"image\":{\"@id\":\"https:\/\/desarrollo11.alumnoposicionamiento.dev\/index.php\/gestion-de-redes-sociales-para-marcas\/#primaryimage\"},\"thumbnailUrl\":\"https:\/\/desarrollo11.alumnoposicionamiento.dev\/wp-content\/uploads\/2024\/11\/IMG_9830.jpg\",\"datePublished\":\"2024-10-09T16:51:44+00:00\",\"dateModified\":\"2024-12-27T17:56:56+00:00\",\"description\":\"Potencia tu marca con una gesti\u00f3n de redes sociales efectiva. Planificaci\u00f3n, interacci\u00f3n y an\u00e1lisis para destacar en plataformas.\",\"breadcrumb\":{\"@id\":\"https:\/\/desarrollo11.alumnoposicionamiento.dev\/index.php\/gestion-de-redes-sociales-para-marcas\/#breadcrumb\"},\"inLanguage\":\"es\",\"potentialAction\":[{\"@type\":\"ReadAction\",\"target\":[\"https:\/\/desarrollo11.alumnoposicionamiento.dev\/index.php\/gestion-de-redes-sociales-para-marcas\/\"]}]},{\"@type\":\"ImageObject\",\"inLanguage\":\"es\",\"@id\":\"https:\/\/desarrollo11.alumnoposicionamiento.dev\/index.php\/gestion-de-redes-sociales-para-marcas\/#primaryimage\",\"url\":\"https:\/\/desarrollo11.alumnoposicionamiento.dev\/wp-content\/uploads\/2024\/11\/IMG_9830.jpg\",\"contentUrl\":\"https:\/\/desarrollo11.alumnoposicionamiento.dev\/wp-content\/uploads\/2024\/11\/IMG_9830.jpg\",\"width\":1850,\"height\":1233,\"caption\":\"gestion-de-redes-sociales-marketing\"},{\"@type\":\"BreadcrumbList\",\"@id\":\"https:\/\/desarrollo11.alumnoposicionamiento.dev\/index.php\/gestion-de-redes-sociales-para-marcas\/#breadcrumb\",\"itemListElement\":[{\"@type\":\"ListItem\",\"position\":1,\"name\":\"Portada\",\"item\":\"https:\/\/desarrollo11.alumnoposicionamiento.dev\/\"},{\"@type\":\"ListItem\",\"position\":2,\"name\":\"Gesti\u00f3n de redes sociales\"}]},{\"@type\":\"WebSite\",\"@id\":\"https:\/\/desarrollo11.alumnoposicionamiento.dev\/#website\",\"url\":\"https:\/\/desarrollo11.alumnoposicionamiento.dev\/\",\"name\":\"Lauraenaccion\",\"description\":\"\",\"potentialAction\":[{\"@type\":\"SearchAction\",\"target\":{\"@type\":\"EntryPoint\",\"urlTemplate\":\"https:\/\/desarrollo11.alumnoposicionamiento.dev\/?s={search_term_string}\"},\"query-input\":{\"@type\":\"PropertyValueSpecification\",\"valueRequired\":true,\"valueName\":\"search_term_string\"}}],\"inLanguage\":\"es\"}]}<\/script>\n<!-- \/ Yoast SEO plugin. -->","yoast_head_json":{"title":"Gesti\u00f3n de redes sociales - Lauraenaccion","description":"Potencia tu marca con una gesti\u00f3n de redes sociales efectiva. Planificaci\u00f3n, interacci\u00f3n y an\u00e1lisis para destacar en plataformas.","robots":{"index":"index","follow":"follow","max-snippet":"max-snippet:-1","max-image-preview":"max-image-preview:large","max-video-preview":"max-video-preview:-1"},"canonical":"https:\/\/desarrollo11.alumnoposicionamiento.dev\/index.php\/gestion-de-redes-sociales-para-marcas\/","og_locale":"es_ES","og_type":"article","og_title":"Gesti\u00f3n de redes sociales - Lauraenaccion","og_description":"Potencia tu marca con una gesti\u00f3n de redes sociales efectiva. Planificaci\u00f3n, interacci\u00f3n y an\u00e1lisis para destacar en plataformas.","og_url":"https:\/\/desarrollo11.alumnoposicionamiento.dev\/index.php\/gestion-de-redes-sociales-para-marcas\/","og_site_name":"Lauraenaccion","article_modified_time":"2024-12-27T17:56:56+00:00","og_image":[{"width":1850,"height":1233,"url":"https:\/\/desarrollo11.alumnoposicionamiento.dev\/wp-content\/uploads\/2024\/11\/IMG_9830.jpg","type":"image\/jpeg"}],"twitter_card":"summary_large_image","twitter_misc":{"Tiempo de lectura":"2 minutos"},"schema":{"@context":"https:\/\/schema.org","@graph":[{"@type":"WebPage","@id":"https:\/\/desarrollo11.alumnoposicionamiento.dev\/index.php\/gestion-de-redes-sociales-para-marcas\/","url":"https:\/\/desarrollo11.alumnoposicionamiento.dev\/index.php\/gestion-de-redes-sociales-para-marcas\/","name":"Gesti\u00f3n de redes sociales - Lauraenaccion","isPartOf":{"@id":"https:\/\/desarrollo11.alumnoposicionamiento.dev\/#website"},"primaryImageOfPage":{"@id":"https:\/\/desarrollo11.alumnoposicionamiento.dev\/index.php\/gestion-de-redes-sociales-para-marcas\/#primaryimage"},"image":{"@id":"https:\/\/desarrollo11.alumnoposicionamiento.dev\/index.php\/gestion-de-redes-sociales-para-marcas\/#primaryimage"},"thumbnailUrl":"https:\/\/desarrollo11.alumnoposicionamiento.dev\/wp-content\/uploads\/2024\/11\/IMG_9830.jpg","datePublished":"2024-10-09T16:51:44+00:00","dateModified":"2024-12-27T17:56:56+00:00","description":"Potencia tu marca con una gesti\u00f3n de redes sociales efectiva. Planificaci\u00f3n, interacci\u00f3n y an\u00e1lisis para destacar en plataformas.","breadcrumb":{"@id":"https:\/\/desarrollo11.alumnoposicionamiento.dev\/index.php\/gestion-de-redes-sociales-para-marcas\/#breadcrumb"},"inLanguage":"es","potentialAction":[{"@type":"ReadAction","target":["https:\/\/desarrollo11.alumnoposicionamiento.dev\/index.php\/gestion-de-redes-sociales-para-marcas\/"]}]},{"@type":"ImageObject","inLanguage":"es","@id":"https:\/\/desarrollo11.alumnoposicionamiento.dev\/index.php\/gestion-de-redes-sociales-para-marcas\/#primaryimage","url":"https:\/\/desarrollo11.alumnoposicionamiento.dev\/wp-content\/uploads\/2024\/11\/IMG_9830.jpg","contentUrl":"https:\/\/desarrollo11.alumnoposicionamiento.dev\/wp-content\/uploads\/2024\/11\/IMG_9830.jpg","width":1850,"height":1233,"caption":"gestion-de-redes-sociales-marketing"},{"@type":"BreadcrumbList","@id":"https:\/\/desarrollo11.alumnoposicionamiento.dev\/index.php\/gestion-de-redes-sociales-para-marcas\/#breadcrumb","itemListElement":[{"@type":"ListItem","position":1,"name":"Portada","item":"https:\/\/desarrollo11.alumnoposicionamiento.dev\/"},{"@type":"ListItem","position":2,"name":"Gesti\u00f3n de redes sociales"}]},{"@type":"WebSite","@id":"https:\/\/desarrollo11.alumnoposicionamiento.dev\/#website","url":"https:\/\/desarrollo11.alumnoposicionamiento.dev\/","name":"Lauraenaccion","description":"","potentialAction":[{"@type":"SearchAction","target":{"@type":"EntryPoint","urlTemplate":"https:\/\/desarrollo11.alumnoposicionamiento.dev\/?s={search_term_string}"},"query-input":{"@type":"PropertyValueSpecification","valueRequired":true,"valueName":"search_term_string"}}],"inLanguage":"es"}]}},"_links":{"self":[{"href":"https:\/\/desarrollo11.alumnoposicionamiento.dev\/index.php\/wp-json\/wp\/v2\/pages\/36","targetHints":{"allow":["GET"]}}],"collection":[{"href":"https:\/\/desarrollo11.alumnoposicionamiento.dev\/index.php\/wp-json\/wp\/v2\/pages"}],"about":[{"href":"https:\/\/desarrollo11.alumnoposicionamiento.dev\/index.php\/wp-json\/wp\/v2\/types\/page"}],"author":[{"embeddable":true,"href":"https:\/\/desarrollo11.alumnoposicionamiento.dev\/index.php\/wp-json\/wp\/v2\/users\/1"}],"replies":[{"embeddable":true,"href":"https:\/\/desarrollo11.alumnoposicionamiento.dev\/index.php\/wp-json\/wp\/v2\/comments?post=36"}],"version-history":[{"count":33,"href":"https:\/\/desarrollo11.alumnoposicionamiento.dev\/index.php\/wp-json\/wp\/v2\/pages\/36\/revisions"}],"predecessor-version":[{"id":810,"href":"https:\/\/desarrollo11.alumnoposicionamiento.dev\/index.php\/wp-json\/wp\/v2\/pages\/36\/revisions\/810"}],"wp:featuredmedia":[{"embeddable":true,"href":"https:\/\/desarrollo11.alumnoposicionamiento.dev\/index.php\/wp-json\/wp\/v2\/media\/439"}],"wp:attachment":[{"href":"https:\/\/desarrollo11.alumnoposicionamiento.dev\/index.php\/wp-json\/wp\/v2\/media?parent=36"}],"curies":[{"name":"wp","href":"https:\/\/api.w.org\/{rel}","templated":true}]}}