{"id":39,"date":"2024-10-09T16:52:04","date_gmt":"2024-10-09T16:52:04","guid":{"rendered":"https:\/\/desarrollo11.alumnoposicionamiento.dev\/?page_id=39"},"modified":"2024-12-27T18:04:33","modified_gmt":"2024-12-27T18:04:33","slug":"creacion-de-contenido-visual-para-redes-sociales","status":"publish","type":"page","link":"https:\/\/desarrollo11.alumnoposicionamiento.dev\/index.php\/creacion-de-contenido-visual-para-redes-sociales\/","title":{"rendered":"Creaci\u00f3n de contenido visual"},"content":{"rendered":"\t\t<div data-elementor-type=\"wp-page\" data-elementor-id=\"39\" class=\"elementor elementor-39\" data-elementor-post-type=\"page\">\n\t\t\t\t\t\t<section class=\"elementor-section elementor-top-section elementor-element elementor-element-54d55009 elementor-section-height-min-height elementor-section-full_width elementor-section-items-stretch elementor-section-height-default\" data-id=\"54d55009\" data-element_type=\"section\" data-settings=\"{&quot;background_background&quot;:&quot;classic&quot;}\">\n\t\t\t\t\t\t\t<div class=\"elementor-background-overlay\"><\/div>\n\t\t\t\t\t\t\t<div class=\"elementor-container elementor-column-gap-no\">\n\t\t\t\t\t<div class=\"elementor-column elementor-col-100 elementor-top-column elementor-element elementor-element-9b1598\" data-id=\"9b1598\" data-element_type=\"column\" data-settings=\"{&quot;background_background&quot;:&quot;classic&quot;}\">\n\t\t\t<div class=\"elementor-widget-wrap elementor-element-populated\">\n\t\t\t\t\t<div class=\"elementor-background-overlay\"><\/div>\n\t\t\t\t\t\t<div class=\"elementor-element elementor-element-219a24f0 elementor-widget__width-inherit elementor-invisible elementor-widget elementor-widget-heading\" data-id=\"219a24f0\" data-element_type=\"widget\" data-settings=\"{&quot;_animation&quot;:&quot;pulse&quot;}\" data-widget_type=\"heading.default\">\n\t\t\t\t<div class=\"elementor-widget-container\">\n\t\t\t<h1 class=\"elementor-heading-title elementor-size-default\">Creaci\u00f3n de Contenido Visual<\/h1>\t\t<\/div>\n\t\t\t\t<\/div>\n\t\t\t\t\t<\/div>\n\t\t<\/div>\n\t\t\t\t\t<\/div>\n\t\t<\/section>\n\t\t<div class=\"elementor-element elementor-element-a1e56ad e-flex e-con-boxed e-con e-parent\" data-id=\"a1e56ad\" data-element_type=\"container\">\n\t\t\t\t\t<div class=\"e-con-inner\">\n\t\t\t\t<div class=\"elementor-element elementor-element-9fc8cf9 elementor-widget elementor-widget-spacer\" data-id=\"9fc8cf9\" data-element_type=\"widget\" data-widget_type=\"spacer.default\">\n\t\t\t\t<div class=\"elementor-widget-container\">\n\t\t\t\t\t<div class=\"elementor-spacer\">\n\t\t\t<div class=\"elementor-spacer-inner\"><\/div>\n\t\t<\/div>\n\t\t\t\t<\/div>\n\t\t\t\t<\/div>\n\t\t\t\t<div class=\"elementor-element elementor-element-e81c005 elementor-widget elementor-widget-text-editor\" data-id=\"e81c005\" data-element_type=\"widget\" data-widget_type=\"text-editor.default\">\n\t\t\t\t<div class=\"elementor-widget-container\">\n\t\t\t\t\t\t\t<p>El contenido visual es la clave para captar la atenci\u00f3n de tu audiencia. Dise\u00f1amos contenido que cuenta historias, conecta y refleja la identidad de tu marca.<br \/>Este servicio incluye:<\/p><ul><li><strong>Dise\u00f1o gr\u00e1fico<\/strong>: Creaci\u00f3n de posts, historias y gr\u00e1ficos para redes sociales.<\/li><li><strong>Producci\u00f3n de videos<\/strong>: Desde reels din\u00e1micos hasta videos m\u00e1s detallados para campa\u00f1as espec\u00edficas.<\/li><li><strong>Fotograf\u00eda profesional<\/strong>: Capturamos la esencia de tus productos o servicios con im\u00e1genes de alta calidad.<\/li><li><strong>Edici\u00f3n visual<\/strong>: Aseguramos que cada imagen y video sea visualmente impactante y alineado con tu estilo.<\/li><\/ul><p>\u00a0<\/p><p>En un mundo donde la primera impresi\u00f3n cuenta, el contenido visual se convierte en tu mejor herramienta para destacar. En <em>Laura en Acci\u00f3n<\/em>, me especializo en crear im\u00e1genes, videos y gr\u00e1ficos que capturen la esencia de tu marca y conecten con tu audiencia.<\/p><p>El proceso comienza entendiendo tu identidad visual y tus objetivos. Dise\u00f1amos contenido adaptado a las plataformas donde tienes presencia, desde Instagram hasta TikTok, asegur\u00e1ndonos de que cada pieza refleje profesionalismo y creatividad. Esto incluye dise\u00f1o gr\u00e1fico para publicaciones, stories y reels, as\u00ed como fotograf\u00eda profesional para resaltar tus productos o servicios.<\/p><p>Los videos cortos, como reels y TikToks, son una de las formas m\u00e1s efectivas de captar atenci\u00f3n hoy en d\u00eda. Por eso, produzco videos din\u00e1micos que cuentan historias, muestran procesos o resaltan los valores de tu marca. Cada imagen y video es editado cuidadosamente para garantizar que cumpla con los m\u00e1s altos est\u00e1ndares visuales.<\/p><p>El contenido que creo no solo es atractivo, sino que tambi\u00e9n est\u00e1 dise\u00f1ado para generar impacto. Busco conectar con las emociones de tu p\u00fablico, ayud\u00e1ndote a destacarte en un entorno digital saturado. Con <em>Laura en Acci\u00f3n<\/em>, tu contenido visual no ser\u00e1 solo bonito: ser\u00e1 memorable y funcional.<\/p>\t\t\t\t\t\t<\/div>\n\t\t\t\t<\/div>\n\t\t\t\t<div class=\"elementor-element elementor-element-038ea84 elementor-widget elementor-widget-spacer\" data-id=\"038ea84\" data-element_type=\"widget\" data-widget_type=\"spacer.default\">\n\t\t\t\t<div class=\"elementor-widget-container\">\n\t\t\t\t\t<div class=\"elementor-spacer\">\n\t\t\t<div class=\"elementor-spacer-inner\"><\/div>\n\t\t<\/div>\n\t\t\t\t<\/div>\n\t\t\t\t<\/div>\n\t\t\t\t<div class=\"elementor-element elementor-element-fcd3c2e elementor-widget elementor-widget-text-editor\" data-id=\"fcd3c2e\" data-element_type=\"widget\" data-widget_type=\"text-editor.default\">\n\t\t\t\t<div class=\"elementor-widget-container\">\n\t\t\t\t\t\t\t<p>El contenido visual es solo el comienzo. Explora nuestros otros servicios y lleva tu estrategia digital al siguiente nivel.<\/p>\t\t\t\t\t\t<\/div>\n\t\t\t\t<\/div>\n\t\t\t\t<div class=\"elementor-element elementor-element-f860022 elementor-button-info elementor-align-center elementor-widget elementor-widget-button\" data-id=\"f860022\" data-element_type=\"widget\" data-widget_type=\"button.default\">\n\t\t\t\t<div class=\"elementor-widget-container\">\n\t\t\t\t\t\t\t<div class=\"elementor-button-wrapper\">\n\t\t\t\t\t<a class=\"elementor-button elementor-button-link elementor-size-sm\" href=\"https:\/\/desarrollo11.alumnoposicionamiento.dev\/index.php\/servicio\/\">\n\t\t\t\t\t\t<span class=\"elementor-button-content-wrapper\">\n\t\t\t\t\t\t\t\t\t<span class=\"elementor-button-text\">Ver todos los servicios<\/span>\n\t\t\t\t\t<\/span>\n\t\t\t\t\t<\/a>\n\t\t\t\t<\/div>\n\t\t\t\t\t\t<\/div>\n\t\t\t\t<\/div>\n\t\t\t\t\t<\/div>\n\t\t\t\t<\/div>\n\t\t\t\t<\/div>\n\t\t","protected":false},"excerpt":{"rendered":"<p>Creaci\u00f3n de Contenido Visual El contenido visual es la clave para captar la atenci\u00f3n de tu audiencia. Dise\u00f1amos contenido que cuenta historias, conecta y refleja la identidad de tu marca.Este servicio incluye: Dise\u00f1o gr\u00e1fico: Creaci\u00f3n de posts, historias y gr\u00e1ficos para redes sociales. Producci\u00f3n de videos: Desde reels din\u00e1micos hasta videos m\u00e1s detallados para campa\u00f1as [&hellip;]<\/p>\n","protected":false},"author":1,"featured_media":414,"parent":0,"menu_order":0,"comment_status":"closed","ping_status":"closed","template":"","meta":{"footnotes":""},"class_list":["post-39","page","type-page","status-publish","has-post-thumbnail","hentry"],"yoast_head":"<!-- This site is optimized with the Yoast SEO plugin v23.4 - https:\/\/yoast.com\/wordpress\/plugins\/seo\/ -->\n<title>Creaci\u00f3n de contenido visual - Lauraenaccion<\/title>\n<meta name=\"description\" content=\"Atrae a tu audiencia con contenido visual impactante. Dise\u00f1o gr\u00e1fico, videos y fotograf\u00eda profesional para potenciar tu presencia digital.\" \/>\n<meta name=\"robots\" content=\"index, follow, max-snippet:-1, max-image-preview:large, max-video-preview:-1\" \/>\n<link rel=\"canonical\" href=\"https:\/\/desarrollo11.alumnoposicionamiento.dev\/index.php\/creacion-de-contenido-visual-para-redes-sociales\/\" \/>\n<meta property=\"og:locale\" content=\"es_ES\" \/>\n<meta property=\"og:type\" content=\"article\" \/>\n<meta property=\"og:title\" content=\"Creaci\u00f3n de contenido visual - Lauraenaccion\" \/>\n<meta property=\"og:description\" content=\"Atrae a tu audiencia con contenido visual impactante. Dise\u00f1o gr\u00e1fico, videos y fotograf\u00eda profesional para potenciar tu presencia digital.\" \/>\n<meta property=\"og:url\" content=\"https:\/\/desarrollo11.alumnoposicionamiento.dev\/index.php\/creacion-de-contenido-visual-para-redes-sociales\/\" \/>\n<meta property=\"og:site_name\" content=\"Lauraenaccion\" \/>\n<meta property=\"article:modified_time\" content=\"2024-12-27T18:04:33+00:00\" \/>\n<meta property=\"og:image\" content=\"https:\/\/desarrollo11.alumnoposicionamiento.dev\/wp-content\/uploads\/2024\/11\/S2-scaled.jpg\" \/>\n\t<meta property=\"og:image:width\" content=\"2560\" \/>\n\t<meta property=\"og:image:height\" content=\"1707\" \/>\n\t<meta property=\"og:image:type\" content=\"image\/jpeg\" \/>\n<meta name=\"twitter:card\" content=\"summary_large_image\" \/>\n<meta name=\"twitter:label1\" content=\"Tiempo de lectura\" \/>\n\t<meta name=\"twitter:data1\" content=\"2 minutos\" \/>\n<script type=\"application\/ld+json\" class=\"yoast-schema-graph\">{\"@context\":\"https:\/\/schema.org\",\"@graph\":[{\"@type\":\"WebPage\",\"@id\":\"https:\/\/desarrollo11.alumnoposicionamiento.dev\/index.php\/creacion-de-contenido-visual-para-redes-sociales\/\",\"url\":\"https:\/\/desarrollo11.alumnoposicionamiento.dev\/index.php\/creacion-de-contenido-visual-para-redes-sociales\/\",\"name\":\"Creaci\u00f3n de contenido visual - Lauraenaccion\",\"isPartOf\":{\"@id\":\"https:\/\/desarrollo11.alumnoposicionamiento.dev\/#website\"},\"primaryImageOfPage\":{\"@id\":\"https:\/\/desarrollo11.alumnoposicionamiento.dev\/index.php\/creacion-de-contenido-visual-para-redes-sociales\/#primaryimage\"},\"image\":{\"@id\":\"https:\/\/desarrollo11.alumnoposicionamiento.dev\/index.php\/creacion-de-contenido-visual-para-redes-sociales\/#primaryimage\"},\"thumbnailUrl\":\"https:\/\/desarrollo11.alumnoposicionamiento.dev\/wp-content\/uploads\/2024\/11\/S2-scaled.jpg\",\"datePublished\":\"2024-10-09T16:52:04+00:00\",\"dateModified\":\"2024-12-27T18:04:33+00:00\",\"description\":\"Atrae a tu audiencia con contenido visual impactante. Dise\u00f1o gr\u00e1fico, videos y fotograf\u00eda profesional para potenciar tu presencia digital.\",\"breadcrumb\":{\"@id\":\"https:\/\/desarrollo11.alumnoposicionamiento.dev\/index.php\/creacion-de-contenido-visual-para-redes-sociales\/#breadcrumb\"},\"inLanguage\":\"es\",\"potentialAction\":[{\"@type\":\"ReadAction\",\"target\":[\"https:\/\/desarrollo11.alumnoposicionamiento.dev\/index.php\/creacion-de-contenido-visual-para-redes-sociales\/\"]}]},{\"@type\":\"ImageObject\",\"inLanguage\":\"es\",\"@id\":\"https:\/\/desarrollo11.alumnoposicionamiento.dev\/index.php\/creacion-de-contenido-visual-para-redes-sociales\/#primaryimage\",\"url\":\"https:\/\/desarrollo11.alumnoposicionamiento.dev\/wp-content\/uploads\/2024\/11\/S2-scaled.jpg\",\"contentUrl\":\"https:\/\/desarrollo11.alumnoposicionamiento.dev\/wp-content\/uploads\/2024\/11\/S2-scaled.jpg\",\"width\":2560,\"height\":1707,\"caption\":\"A young and pretty woman with glasses stands inside a modern cafe having a snack.Beautiful woman drinks chocolate milkshake and strawberry and cream pancakes. Concept of women eating sweets.\"},{\"@type\":\"BreadcrumbList\",\"@id\":\"https:\/\/desarrollo11.alumnoposicionamiento.dev\/index.php\/creacion-de-contenido-visual-para-redes-sociales\/#breadcrumb\",\"itemListElement\":[{\"@type\":\"ListItem\",\"position\":1,\"name\":\"Portada\",\"item\":\"https:\/\/desarrollo11.alumnoposicionamiento.dev\/\"},{\"@type\":\"ListItem\",\"position\":2,\"name\":\"Creaci\u00f3n de contenido visual\"}]},{\"@type\":\"WebSite\",\"@id\":\"https:\/\/desarrollo11.alumnoposicionamiento.dev\/#website\",\"url\":\"https:\/\/desarrollo11.alumnoposicionamiento.dev\/\",\"name\":\"Lauraenaccion\",\"description\":\"\",\"potentialAction\":[{\"@type\":\"SearchAction\",\"target\":{\"@type\":\"EntryPoint\",\"urlTemplate\":\"https:\/\/desarrollo11.alumnoposicionamiento.dev\/?s={search_term_string}\"},\"query-input\":{\"@type\":\"PropertyValueSpecification\",\"valueRequired\":true,\"valueName\":\"search_term_string\"}}],\"inLanguage\":\"es\"}]}<\/script>\n<!-- \/ Yoast SEO plugin. -->","yoast_head_json":{"title":"Creaci\u00f3n de contenido visual - Lauraenaccion","description":"Atrae a tu audiencia con contenido visual impactante. Dise\u00f1o gr\u00e1fico, videos y fotograf\u00eda profesional para potenciar tu presencia digital.","robots":{"index":"index","follow":"follow","max-snippet":"max-snippet:-1","max-image-preview":"max-image-preview:large","max-video-preview":"max-video-preview:-1"},"canonical":"https:\/\/desarrollo11.alumnoposicionamiento.dev\/index.php\/creacion-de-contenido-visual-para-redes-sociales\/","og_locale":"es_ES","og_type":"article","og_title":"Creaci\u00f3n de contenido visual - Lauraenaccion","og_description":"Atrae a tu audiencia con contenido visual impactante. Dise\u00f1o gr\u00e1fico, videos y fotograf\u00eda profesional para potenciar tu presencia digital.","og_url":"https:\/\/desarrollo11.alumnoposicionamiento.dev\/index.php\/creacion-de-contenido-visual-para-redes-sociales\/","og_site_name":"Lauraenaccion","article_modified_time":"2024-12-27T18:04:33+00:00","og_image":[{"width":2560,"height":1707,"url":"https:\/\/desarrollo11.alumnoposicionamiento.dev\/wp-content\/uploads\/2024\/11\/S2-scaled.jpg","type":"image\/jpeg"}],"twitter_card":"summary_large_image","twitter_misc":{"Tiempo de lectura":"2 minutos"},"schema":{"@context":"https:\/\/schema.org","@graph":[{"@type":"WebPage","@id":"https:\/\/desarrollo11.alumnoposicionamiento.dev\/index.php\/creacion-de-contenido-visual-para-redes-sociales\/","url":"https:\/\/desarrollo11.alumnoposicionamiento.dev\/index.php\/creacion-de-contenido-visual-para-redes-sociales\/","name":"Creaci\u00f3n de contenido visual - Lauraenaccion","isPartOf":{"@id":"https:\/\/desarrollo11.alumnoposicionamiento.dev\/#website"},"primaryImageOfPage":{"@id":"https:\/\/desarrollo11.alumnoposicionamiento.dev\/index.php\/creacion-de-contenido-visual-para-redes-sociales\/#primaryimage"},"image":{"@id":"https:\/\/desarrollo11.alumnoposicionamiento.dev\/index.php\/creacion-de-contenido-visual-para-redes-sociales\/#primaryimage"},"thumbnailUrl":"https:\/\/desarrollo11.alumnoposicionamiento.dev\/wp-content\/uploads\/2024\/11\/S2-scaled.jpg","datePublished":"2024-10-09T16:52:04+00:00","dateModified":"2024-12-27T18:04:33+00:00","description":"Atrae a tu audiencia con contenido visual impactante. Dise\u00f1o gr\u00e1fico, videos y fotograf\u00eda profesional para potenciar tu presencia digital.","breadcrumb":{"@id":"https:\/\/desarrollo11.alumnoposicionamiento.dev\/index.php\/creacion-de-contenido-visual-para-redes-sociales\/#breadcrumb"},"inLanguage":"es","potentialAction":[{"@type":"ReadAction","target":["https:\/\/desarrollo11.alumnoposicionamiento.dev\/index.php\/creacion-de-contenido-visual-para-redes-sociales\/"]}]},{"@type":"ImageObject","inLanguage":"es","@id":"https:\/\/desarrollo11.alumnoposicionamiento.dev\/index.php\/creacion-de-contenido-visual-para-redes-sociales\/#primaryimage","url":"https:\/\/desarrollo11.alumnoposicionamiento.dev\/wp-content\/uploads\/2024\/11\/S2-scaled.jpg","contentUrl":"https:\/\/desarrollo11.alumnoposicionamiento.dev\/wp-content\/uploads\/2024\/11\/S2-scaled.jpg","width":2560,"height":1707,"caption":"A young and pretty woman with glasses stands inside a modern cafe having a snack.Beautiful woman drinks chocolate milkshake and strawberry and cream pancakes. Concept of women eating sweets."},{"@type":"BreadcrumbList","@id":"https:\/\/desarrollo11.alumnoposicionamiento.dev\/index.php\/creacion-de-contenido-visual-para-redes-sociales\/#breadcrumb","itemListElement":[{"@type":"ListItem","position":1,"name":"Portada","item":"https:\/\/desarrollo11.alumnoposicionamiento.dev\/"},{"@type":"ListItem","position":2,"name":"Creaci\u00f3n de contenido visual"}]},{"@type":"WebSite","@id":"https:\/\/desarrollo11.alumnoposicionamiento.dev\/#website","url":"https:\/\/desarrollo11.alumnoposicionamiento.dev\/","name":"Lauraenaccion","description":"","potentialAction":[{"@type":"SearchAction","target":{"@type":"EntryPoint","urlTemplate":"https:\/\/desarrollo11.alumnoposicionamiento.dev\/?s={search_term_string}"},"query-input":{"@type":"PropertyValueSpecification","valueRequired":true,"valueName":"search_term_string"}}],"inLanguage":"es"}]}},"_links":{"self":[{"href":"https:\/\/desarrollo11.alumnoposicionamiento.dev\/index.php\/wp-json\/wp\/v2\/pages\/39","targetHints":{"allow":["GET"]}}],"collection":[{"href":"https:\/\/desarrollo11.alumnoposicionamiento.dev\/index.php\/wp-json\/wp\/v2\/pages"}],"about":[{"href":"https:\/\/desarrollo11.alumnoposicionamiento.dev\/index.php\/wp-json\/wp\/v2\/types\/page"}],"author":[{"embeddable":true,"href":"https:\/\/desarrollo11.alumnoposicionamiento.dev\/index.php\/wp-json\/wp\/v2\/users\/1"}],"replies":[{"embeddable":true,"href":"https:\/\/desarrollo11.alumnoposicionamiento.dev\/index.php\/wp-json\/wp\/v2\/comments?post=39"}],"version-history":[{"count":20,"href":"https:\/\/desarrollo11.alumnoposicionamiento.dev\/index.php\/wp-json\/wp\/v2\/pages\/39\/revisions"}],"predecessor-version":[{"id":814,"href":"https:\/\/desarrollo11.alumnoposicionamiento.dev\/index.php\/wp-json\/wp\/v2\/pages\/39\/revisions\/814"}],"wp:featuredmedia":[{"embeddable":true,"href":"https:\/\/desarrollo11.alumnoposicionamiento.dev\/index.php\/wp-json\/wp\/v2\/media\/414"}],"wp:attachment":[{"href":"https:\/\/desarrollo11.alumnoposicionamiento.dev\/index.php\/wp-json\/wp\/v2\/media?parent=39"}],"curies":[{"name":"wp","href":"https:\/\/api.w.org\/{rel}","templated":true}]}}