{"id":45,"date":"2024-10-09T16:53:13","date_gmt":"2024-10-09T16:53:13","guid":{"rendered":"https:\/\/desarrollo11.alumnoposicionamiento.dev\/?page_id=45"},"modified":"2024-12-27T18:33:58","modified_gmt":"2024-12-27T18:33:58","slug":"consultoria-personalizada","status":"publish","type":"page","link":"https:\/\/desarrollo11.alumnoposicionamiento.dev\/index.php\/consultoria-personalizada\/","title":{"rendered":"Consultor\u00eda en redes sociales"},"content":{"rendered":"\t\t<div data-elementor-type=\"wp-page\" data-elementor-id=\"45\" class=\"elementor elementor-45\" data-elementor-post-type=\"page\">\n\t\t\t\t\t\t<section class=\"elementor-section elementor-top-section elementor-element elementor-element-620a7d9b elementor-section-height-min-height elementor-section-full_width elementor-section-items-stretch elementor-section-height-default\" data-id=\"620a7d9b\" data-element_type=\"section\" data-settings=\"{&quot;background_background&quot;:&quot;classic&quot;}\">\n\t\t\t\t\t\t\t<div class=\"elementor-background-overlay\"><\/div>\n\t\t\t\t\t\t\t<div class=\"elementor-container elementor-column-gap-no\">\n\t\t\t\t\t<div class=\"elementor-column elementor-col-100 elementor-top-column elementor-element elementor-element-26a87532\" data-id=\"26a87532\" data-element_type=\"column\" data-settings=\"{&quot;background_background&quot;:&quot;classic&quot;}\">\n\t\t\t<div class=\"elementor-widget-wrap elementor-element-populated\">\n\t\t\t\t\t<div class=\"elementor-background-overlay\"><\/div>\n\t\t\t\t\t\t<div class=\"elementor-element elementor-element-408e23ec elementor-widget__width-inherit elementor-invisible elementor-widget elementor-widget-heading\" data-id=\"408e23ec\" data-element_type=\"widget\" data-settings=\"{&quot;_animation&quot;:&quot;pulse&quot;}\" data-widget_type=\"heading.default\">\n\t\t\t\t<div class=\"elementor-widget-container\">\n\t\t\t<h1 class=\"elementor-heading-title elementor-size-default\">Consultor\u00eda Personalizada para Marcas<\/h1>\t\t<\/div>\n\t\t\t\t<\/div>\n\t\t\t\t\t<\/div>\n\t\t<\/div>\n\t\t\t\t\t<\/div>\n\t\t<\/section>\n\t\t<div class=\"elementor-element elementor-element-59f7459 e-flex e-con-boxed e-con e-parent\" data-id=\"59f7459\" data-element_type=\"container\">\n\t\t\t\t\t<div class=\"e-con-inner\">\n\t\t\t\t<div class=\"elementor-element elementor-element-879196d elementor-widget elementor-widget-spacer\" data-id=\"879196d\" data-element_type=\"widget\" data-widget_type=\"spacer.default\">\n\t\t\t\t<div class=\"elementor-widget-container\">\n\t\t\t\t\t<div class=\"elementor-spacer\">\n\t\t\t<div class=\"elementor-spacer-inner\"><\/div>\n\t\t<\/div>\n\t\t\t\t<\/div>\n\t\t\t\t<\/div>\n\t\t\t\t<div class=\"elementor-element elementor-element-5c3a8fc elementor-widget elementor-widget-text-editor\" data-id=\"5c3a8fc\" data-element_type=\"widget\" data-widget_type=\"text-editor.default\">\n\t\t\t\t<div class=\"elementor-widget-container\">\n\t\t\t\t\t\t\t<p>Cada marca es \u00fanica, y mi consultor\u00eda personalizada para marcas que se adapta 100% a tus necesidades. Juntos, optimizaremos tu presencia digital y potenciaremos tus resultados.<br \/>Este servicio incluye:<\/p><ul><li><strong>Auditor\u00eda de redes sociales<\/strong>: Identifico oportunidades de mejora y te propongo soluciones pr\u00e1cticas.<\/li><li><strong>Asesoramiento estrat\u00e9gico<\/strong>: Dise\u00f1amos un plan para fortalecer tu marca en plataformas digitales.<\/li><li><strong>Capacitaci\u00f3n personalizada<\/strong>: Te ense\u00f1o herramientas y t\u00e9cnicas para que puedas gestionar tus redes sociales con confianza.<\/li><li><strong>Revisi\u00f3n de campa\u00f1as existentes<\/strong>: Analizamos qu\u00e9 funciona y qu\u00e9 no para optimizar tu inversi\u00f3n.<\/li><\/ul><p>\u00a0<\/p><p>Cada marca tiene una historia \u00fanica que contar, y en <em>Laura en Acci\u00f3n<\/em> me especializo en ayudarte a descubrir c\u00f3mo contarla de manera efectiva en el mundo digital. Mi servicio de consultor\u00eda personalizada est\u00e1 dise\u00f1ado para analizar tu situaci\u00f3n actual y crear un plan claro para alcanzar tus objetivos.<\/p><p>La consultor\u00eda comienza con una auditor\u00eda detallada de tus redes sociales. Revisamos tus perfiles, publicaciones y estad\u00edsticas para identificar qu\u00e9 est\u00e1 funcionando y qu\u00e9 necesita mejorar. A partir de ah\u00ed, te presento recomendaciones pr\u00e1cticas y personalizadas para optimizar tu presencia en plataformas como Instagram, Facebook o TikTok.<\/p><p>Durante el proceso, trabajamos juntos para dise\u00f1ar estrategias que reflejen tu identidad y conecten con tu audiencia. Esto incluye desde consejos sobre c\u00f3mo mejorar el dise\u00f1o de tus publicaciones hasta t\u00e1cticas para aumentar el engagement. Si est\u00e1s lanzando una nueva campa\u00f1a, tambi\u00e9n puedo ayudarte a definir el mensaje, el tono y la est\u00e9tica ideal.<\/p><p>Adem\u00e1s, si prefieres gestionar tus redes sociales por ti mismo, ofrezco capacitaciones personalizadas donde te ense\u00f1o las herramientas y t\u00e9cnicas necesarias para hacerlo de manera profesional. Ya sea que necesites ayuda con publicaciones diarias, estrategias publicitarias o m\u00e9tricas de rendimiento, estoy aqu\u00ed para guiarte en cada paso del camino.<\/p><p>Con mi consultor\u00eda, obtendr\u00e1s un plan claro, pr\u00e1ctico y enfocado en resultados. Juntos, haremos que tu marca destaque en el mundo digital.<\/p>\t\t\t\t\t\t<\/div>\n\t\t\t\t<\/div>\n\t\t\t\t<div class=\"elementor-element elementor-element-20f218a elementor-widget elementor-widget-spacer\" data-id=\"20f218a\" data-element_type=\"widget\" data-widget_type=\"spacer.default\">\n\t\t\t\t<div class=\"elementor-widget-container\">\n\t\t\t\t\t<div class=\"elementor-spacer\">\n\t\t\t<div class=\"elementor-spacer-inner\"><\/div>\n\t\t<\/div>\n\t\t\t\t<\/div>\n\t\t\t\t<\/div>\n\t\t\t\t\t<\/div>\n\t\t\t\t<\/div>\n\t\t<div class=\"elementor-element elementor-element-7cbd5cc e-flex e-con-boxed e-con e-parent\" data-id=\"7cbd5cc\" data-element_type=\"container\">\n\t\t\t\t\t<div class=\"e-con-inner\">\n\t\t\t\t<div class=\"elementor-element elementor-element-0f47f1b elementor-widget elementor-widget-text-editor\" data-id=\"0f47f1b\" data-element_type=\"widget\" data-widget_type=\"text-editor.default\">\n\t\t\t\t<div class=\"elementor-widget-container\">\n\t\t\t\t\t\t\t<p>Adem\u00e1s de consultor\u00eda, ofrecemos servicios integrales para cubrir todas las necesidades de tu marca. \u00a1Con\u00f3celos!<\/p>\t\t\t\t\t\t<\/div>\n\t\t\t\t<\/div>\n\t\t\t\t<div class=\"elementor-element elementor-element-038dbe3 elementor-align-center elementor-widget elementor-widget-button\" data-id=\"038dbe3\" data-element_type=\"widget\" data-widget_type=\"button.default\">\n\t\t\t\t<div class=\"elementor-widget-container\">\n\t\t\t\t\t\t\t<div class=\"elementor-button-wrapper\">\n\t\t\t\t\t<a class=\"elementor-button elementor-button-link elementor-size-sm\" href=\"https:\/\/desarrollo11.alumnoposicionamiento.dev\/index.php\/servicio\/\">\n\t\t\t\t\t\t<span class=\"elementor-button-content-wrapper\">\n\t\t\t\t\t\t\t\t\t<span class=\"elementor-button-text\">Ver todos los servicios<\/span>\n\t\t\t\t\t<\/span>\n\t\t\t\t\t<\/a>\n\t\t\t\t<\/div>\n\t\t\t\t\t\t<\/div>\n\t\t\t\t<\/div>\n\t\t\t\t\t<\/div>\n\t\t\t\t<\/div>\n\t\t\t\t<\/div>\n\t\t","protected":false},"excerpt":{"rendered":"<p>Consultor\u00eda Personalizada para Marcas Cada marca es \u00fanica, y mi consultor\u00eda personalizada para marcas que se adapta 100% a tus necesidades. Juntos, optimizaremos tu presencia digital y potenciaremos tus resultados.Este servicio incluye: Auditor\u00eda de redes sociales: Identifico oportunidades de mejora y te propongo soluciones pr\u00e1cticas. Asesoramiento estrat\u00e9gico: Dise\u00f1amos un plan para fortalecer tu marca en [&hellip;]<\/p>\n","protected":false},"author":1,"featured_media":442,"parent":0,"menu_order":0,"comment_status":"closed","ping_status":"closed","template":"","meta":{"footnotes":""},"class_list":["post-45","page","type-page","status-publish","has-post-thumbnail","hentry"],"yoast_head":"<!-- This site is optimized with the Yoast SEO plugin v23.4 - https:\/\/yoast.com\/wordpress\/plugins\/seo\/ -->\n<title>Consultor\u00eda en redes sociales - Lauraenaccion<\/title>\n<meta name=\"description\" content=\"Optimiza tu presencia digital con nuestra consultor\u00eda personalizada. Auditor\u00edas, asesoramiento y potenciar tus redes sociales.\" \/>\n<meta name=\"robots\" content=\"index, follow, max-snippet:-1, max-image-preview:large, max-video-preview:-1\" \/>\n<link rel=\"canonical\" href=\"https:\/\/desarrollo11.alumnoposicionamiento.dev\/index.php\/consultoria-personalizada\/\" \/>\n<meta property=\"og:locale\" content=\"es_ES\" \/>\n<meta property=\"og:type\" content=\"article\" \/>\n<meta property=\"og:title\" content=\"Consultor\u00eda en redes sociales - Lauraenaccion\" \/>\n<meta property=\"og:description\" content=\"Optimiza tu presencia digital con nuestra consultor\u00eda personalizada. Auditor\u00edas, asesoramiento y potenciar tus redes sociales.\" \/>\n<meta property=\"og:url\" content=\"https:\/\/desarrollo11.alumnoposicionamiento.dev\/index.php\/consultoria-personalizada\/\" \/>\n<meta property=\"og:site_name\" content=\"Lauraenaccion\" \/>\n<meta property=\"article:modified_time\" content=\"2024-12-27T18:33:58+00:00\" \/>\n<meta property=\"og:image\" content=\"https:\/\/desarrollo11.alumnoposicionamiento.dev\/wp-content\/uploads\/2024\/11\/IMG_9923-1.jpg\" \/>\n\t<meta property=\"og:image:width\" content=\"1580\" \/>\n\t<meta property=\"og:image:height\" content=\"1053\" \/>\n\t<meta property=\"og:image:type\" content=\"image\/jpeg\" \/>\n<meta name=\"twitter:card\" content=\"summary_large_image\" \/>\n<meta name=\"twitter:label1\" content=\"Tiempo de lectura\" \/>\n\t<meta name=\"twitter:data1\" content=\"2 minutos\" \/>\n<script type=\"application\/ld+json\" class=\"yoast-schema-graph\">{\"@context\":\"https:\/\/schema.org\",\"@graph\":[{\"@type\":\"WebPage\",\"@id\":\"https:\/\/desarrollo11.alumnoposicionamiento.dev\/index.php\/consultoria-personalizada\/\",\"url\":\"https:\/\/desarrollo11.alumnoposicionamiento.dev\/index.php\/consultoria-personalizada\/\",\"name\":\"Consultor\u00eda en redes sociales - Lauraenaccion\",\"isPartOf\":{\"@id\":\"https:\/\/desarrollo11.alumnoposicionamiento.dev\/#website\"},\"primaryImageOfPage\":{\"@id\":\"https:\/\/desarrollo11.alumnoposicionamiento.dev\/index.php\/consultoria-personalizada\/#primaryimage\"},\"image\":{\"@id\":\"https:\/\/desarrollo11.alumnoposicionamiento.dev\/index.php\/consultoria-personalizada\/#primaryimage\"},\"thumbnailUrl\":\"https:\/\/desarrollo11.alumnoposicionamiento.dev\/wp-content\/uploads\/2024\/11\/IMG_9923-1.jpg\",\"datePublished\":\"2024-10-09T16:53:13+00:00\",\"dateModified\":\"2024-12-27T18:33:58+00:00\",\"description\":\"Optimiza tu presencia digital con nuestra consultor\u00eda personalizada. Auditor\u00edas, asesoramiento y potenciar tus redes sociales.\",\"breadcrumb\":{\"@id\":\"https:\/\/desarrollo11.alumnoposicionamiento.dev\/index.php\/consultoria-personalizada\/#breadcrumb\"},\"inLanguage\":\"es\",\"potentialAction\":[{\"@type\":\"ReadAction\",\"target\":[\"https:\/\/desarrollo11.alumnoposicionamiento.dev\/index.php\/consultoria-personalizada\/\"]}]},{\"@type\":\"ImageObject\",\"inLanguage\":\"es\",\"@id\":\"https:\/\/desarrollo11.alumnoposicionamiento.dev\/index.php\/consultoria-personalizada\/#primaryimage\",\"url\":\"https:\/\/desarrollo11.alumnoposicionamiento.dev\/wp-content\/uploads\/2024\/11\/IMG_9923-1.jpg\",\"contentUrl\":\"https:\/\/desarrollo11.alumnoposicionamiento.dev\/wp-content\/uploads\/2024\/11\/IMG_9923-1.jpg\",\"width\":1580,\"height\":1053,\"caption\":\"lydia marketing y laura en acci\u00f3n\"},{\"@type\":\"BreadcrumbList\",\"@id\":\"https:\/\/desarrollo11.alumnoposicionamiento.dev\/index.php\/consultoria-personalizada\/#breadcrumb\",\"itemListElement\":[{\"@type\":\"ListItem\",\"position\":1,\"name\":\"Portada\",\"item\":\"https:\/\/desarrollo11.alumnoposicionamiento.dev\/\"},{\"@type\":\"ListItem\",\"position\":2,\"name\":\"Consultor\u00eda en redes sociales\"}]},{\"@type\":\"WebSite\",\"@id\":\"https:\/\/desarrollo11.alumnoposicionamiento.dev\/#website\",\"url\":\"https:\/\/desarrollo11.alumnoposicionamiento.dev\/\",\"name\":\"Lauraenaccion\",\"description\":\"\",\"potentialAction\":[{\"@type\":\"SearchAction\",\"target\":{\"@type\":\"EntryPoint\",\"urlTemplate\":\"https:\/\/desarrollo11.alumnoposicionamiento.dev\/?s={search_term_string}\"},\"query-input\":{\"@type\":\"PropertyValueSpecification\",\"valueRequired\":true,\"valueName\":\"search_term_string\"}}],\"inLanguage\":\"es\"}]}<\/script>\n<!-- \/ Yoast SEO plugin. -->","yoast_head_json":{"title":"Consultor\u00eda en redes sociales - Lauraenaccion","description":"Optimiza tu presencia digital con nuestra consultor\u00eda personalizada. Auditor\u00edas, asesoramiento y potenciar tus redes sociales.","robots":{"index":"index","follow":"follow","max-snippet":"max-snippet:-1","max-image-preview":"max-image-preview:large","max-video-preview":"max-video-preview:-1"},"canonical":"https:\/\/desarrollo11.alumnoposicionamiento.dev\/index.php\/consultoria-personalizada\/","og_locale":"es_ES","og_type":"article","og_title":"Consultor\u00eda en redes sociales - Lauraenaccion","og_description":"Optimiza tu presencia digital con nuestra consultor\u00eda personalizada. Auditor\u00edas, asesoramiento y potenciar tus redes sociales.","og_url":"https:\/\/desarrollo11.alumnoposicionamiento.dev\/index.php\/consultoria-personalizada\/","og_site_name":"Lauraenaccion","article_modified_time":"2024-12-27T18:33:58+00:00","og_image":[{"width":1580,"height":1053,"url":"https:\/\/desarrollo11.alumnoposicionamiento.dev\/wp-content\/uploads\/2024\/11\/IMG_9923-1.jpg","type":"image\/jpeg"}],"twitter_card":"summary_large_image","twitter_misc":{"Tiempo de lectura":"2 minutos"},"schema":{"@context":"https:\/\/schema.org","@graph":[{"@type":"WebPage","@id":"https:\/\/desarrollo11.alumnoposicionamiento.dev\/index.php\/consultoria-personalizada\/","url":"https:\/\/desarrollo11.alumnoposicionamiento.dev\/index.php\/consultoria-personalizada\/","name":"Consultor\u00eda en redes sociales - Lauraenaccion","isPartOf":{"@id":"https:\/\/desarrollo11.alumnoposicionamiento.dev\/#website"},"primaryImageOfPage":{"@id":"https:\/\/desarrollo11.alumnoposicionamiento.dev\/index.php\/consultoria-personalizada\/#primaryimage"},"image":{"@id":"https:\/\/desarrollo11.alumnoposicionamiento.dev\/index.php\/consultoria-personalizada\/#primaryimage"},"thumbnailUrl":"https:\/\/desarrollo11.alumnoposicionamiento.dev\/wp-content\/uploads\/2024\/11\/IMG_9923-1.jpg","datePublished":"2024-10-09T16:53:13+00:00","dateModified":"2024-12-27T18:33:58+00:00","description":"Optimiza tu presencia digital con nuestra consultor\u00eda personalizada. Auditor\u00edas, asesoramiento y potenciar tus redes sociales.","breadcrumb":{"@id":"https:\/\/desarrollo11.alumnoposicionamiento.dev\/index.php\/consultoria-personalizada\/#breadcrumb"},"inLanguage":"es","potentialAction":[{"@type":"ReadAction","target":["https:\/\/desarrollo11.alumnoposicionamiento.dev\/index.php\/consultoria-personalizada\/"]}]},{"@type":"ImageObject","inLanguage":"es","@id":"https:\/\/desarrollo11.alumnoposicionamiento.dev\/index.php\/consultoria-personalizada\/#primaryimage","url":"https:\/\/desarrollo11.alumnoposicionamiento.dev\/wp-content\/uploads\/2024\/11\/IMG_9923-1.jpg","contentUrl":"https:\/\/desarrollo11.alumnoposicionamiento.dev\/wp-content\/uploads\/2024\/11\/IMG_9923-1.jpg","width":1580,"height":1053,"caption":"lydia marketing y laura en acci\u00f3n"},{"@type":"BreadcrumbList","@id":"https:\/\/desarrollo11.alumnoposicionamiento.dev\/index.php\/consultoria-personalizada\/#breadcrumb","itemListElement":[{"@type":"ListItem","position":1,"name":"Portada","item":"https:\/\/desarrollo11.alumnoposicionamiento.dev\/"},{"@type":"ListItem","position":2,"name":"Consultor\u00eda en redes sociales"}]},{"@type":"WebSite","@id":"https:\/\/desarrollo11.alumnoposicionamiento.dev\/#website","url":"https:\/\/desarrollo11.alumnoposicionamiento.dev\/","name":"Lauraenaccion","description":"","potentialAction":[{"@type":"SearchAction","target":{"@type":"EntryPoint","urlTemplate":"https:\/\/desarrollo11.alumnoposicionamiento.dev\/?s={search_term_string}"},"query-input":{"@type":"PropertyValueSpecification","valueRequired":true,"valueName":"search_term_string"}}],"inLanguage":"es"}]}},"_links":{"self":[{"href":"https:\/\/desarrollo11.alumnoposicionamiento.dev\/index.php\/wp-json\/wp\/v2\/pages\/45","targetHints":{"allow":["GET"]}}],"collection":[{"href":"https:\/\/desarrollo11.alumnoposicionamiento.dev\/index.php\/wp-json\/wp\/v2\/pages"}],"about":[{"href":"https:\/\/desarrollo11.alumnoposicionamiento.dev\/index.php\/wp-json\/wp\/v2\/types\/page"}],"author":[{"embeddable":true,"href":"https:\/\/desarrollo11.alumnoposicionamiento.dev\/index.php\/wp-json\/wp\/v2\/users\/1"}],"replies":[{"embeddable":true,"href":"https:\/\/desarrollo11.alumnoposicionamiento.dev\/index.php\/wp-json\/wp\/v2\/comments?post=45"}],"version-history":[{"count":8,"href":"https:\/\/desarrollo11.alumnoposicionamiento.dev\/index.php\/wp-json\/wp\/v2\/pages\/45\/revisions"}],"predecessor-version":[{"id":825,"href":"https:\/\/desarrollo11.alumnoposicionamiento.dev\/index.php\/wp-json\/wp\/v2\/pages\/45\/revisions\/825"}],"wp:featuredmedia":[{"embeddable":true,"href":"https:\/\/desarrollo11.alumnoposicionamiento.dev\/index.php\/wp-json\/wp\/v2\/media\/442"}],"wp:attachment":[{"href":"https:\/\/desarrollo11.alumnoposicionamiento.dev\/index.php\/wp-json\/wp\/v2\/media?parent=45"}],"curies":[{"name":"wp","href":"https:\/\/api.w.org\/{rel}","templated":true}]}}